{"id":8,"date":"2020-10-01T17:26:15","date_gmt":"2020-10-01T17:26:15","guid":{"rendered":"http:\/\/127.0.0.1\/wordpress\/?page_id=8"},"modified":"2022-05-30T15:21:17","modified_gmt":"2022-05-30T14:21:17","slug":"contact","status":"publish","type":"page","link":"https:\/\/www.olympe2alpes.fr\/fr\/contact\/","title":{"rendered":"Contact"},"content":{"rendered":"\t\t<div data-elementor-type=\"wp-page\" data-elementor-id=\"8\" class=\"elementor elementor-8\" data-elementor-settings=\"[]\">\n\t\t\t\t\t\t<div class=\"elementor-inner\">\n\t\t\t\t\t\t\t<div class=\"elementor-section-wrap\">\n\t\t\t\t\t\t\t<section class=\"elementor-section elementor-top-section elementor-element elementor-element-3cb67b69 elementor-section-boxed elementor-section-height-default elementor-section-height-default\" data-id=\"3cb67b69\" data-element_type=\"section\">\n\t\t\t\t\t\t<div class=\"elementor-container elementor-column-gap-default\">\n\t\t\t\t\t\t\t<div class=\"elementor-row\">\n\t\t\t\t\t<div class=\"elementor-column elementor-col-100 elementor-top-column elementor-element elementor-element-3537eb63\" data-id=\"3537eb63\" data-element_type=\"column\">\n\t\t\t<div class=\"elementor-column-wrap elementor-element-populated\">\n\t\t\t\t\t\t\t<div class=\"elementor-widget-wrap\">\n\t\t\t\t\t\t<div class=\"elementor-element elementor-element-45021a5c elementor-widget elementor-widget-text-editor\" data-id=\"45021a5c\" data-element_type=\"widget\" data-widget_type=\"text-editor.default\">\n\t\t\t\t<div class=\"elementor-widget-container\">\n\t\t\t\t\t\t\t\t<div class=\"elementor-text-editor elementor-clearfix\">\n\t\t\t\t<p><!-- wp:paragraph --><\/p>\n<p style=\"text-align: center;\">Si vous souhaitez nous contacter, n&rsquo;h\u00e9sitez pas \u00e0 remplir le formulaire ci dessous. <br \/>Nous vous r\u00e9pondrons avec plaisir.<\/p>\n<p style=\"text-align: center;\">Vous pouvez aussi nous contacter \u00e0 cette adresse :\u00a0<strong><a href=\"mailto:olympedeuxalpes@gmail.com\">olympedeuxalpes@gmail.com<\/a> <\/strong>ou \u00e0 ce num\u00e9ro : <strong>+33 (0)6 48 15 43 41<\/strong><\/p>\t\t\t\t\t<\/div>\n\t\t\t\t\t\t<\/div>\n\t\t\t\t<\/div>\n\t\t\t\t<div class=\"elementor-element elementor-element-9a0257d elementor-widget elementor-widget-content_form_contact\" data-id=\"9a0257d\" data-element_type=\"widget\" data-widget_type=\"content_form_contact.default\">\n\t\t\t\t<div class=\"elementor-widget-container\">\n\t\t\t<form action=\"https:\/\/www.olympe2alpes.fr\/wp-admin\/admin-post.php\" method=\"post\" name=\"content-form-9a0257d\" id=\"content-form-9a0257d\" class=\"ti-cf-module content-form content-form-contact content_form_contact\"><input type=\"hidden\" id=\"_wpnonce_contact\" name=\"_wpnonce_contact\" value=\"051d77cf49\" \/><input type=\"hidden\" name=\"_wp_http_referer\" value=\"\/fr\/wp-json\/wp\/v2\/pages\/8\" \/><input type=\"hidden\" name=\"action\" value=\"content_form_submit\" \/><input type=\"hidden\" name=\"form-type\" value=\"contact\" \/><input type=\"hidden\" name=\"form-builder\" value=\"elementor\" \/><input type=\"hidden\" name=\"post-id\" value=\"8\" \/><input type=\"hidden\" name=\"form-id\" value=\"9a0257d\" \/><fieldset class=\"content-form-field-text elementor-column elementor-col-100\"><label for=\"data[9a0257d][name]\" >Nom<span class=\"required-mark\"> *<\/span><\/label><input type=\"text\" name=\"data[9a0257d][name]\" id=\"data[9a0257d][name]\" required=\"required\"  placeholder=\"Votre nom\"><\/fieldset><fieldset class=\"content-form-field-text elementor-column elementor-col-100\"><label for=\"data[9a0257d][prenom]\" >Pr\u00e9nom<span class=\"required-mark\"> *<\/span><\/label><input type=\"text\" name=\"data[9a0257d][prenom]\" id=\"data[9a0257d][prenom]\" required=\"required\"  placeholder=\"Votre pr\u00e9nom\"><\/fieldset><fieldset class=\"content-form-field-email elementor-column elementor-col-100\"><label for=\"data[9a0257d][email]\" >Email<span class=\"required-mark\"> *<\/span><\/label><input type=\"text\" name=\"data[9a0257d][email]\" id=\"data[9a0257d][email]\" required=\"required\"  placeholder=\"Votre email\"><\/fieldset><fieldset class=\"content-form-field-text elementor-column elementor-col-100\"><label for=\"data[9a0257d][phone]\" >T\u00e9l\u00e9phone<\/label><input type=\"text\" name=\"data[9a0257d][phone]\" id=\"data[9a0257d][phone]\"   placeholder=\"Votre num\u00e9ro de tel\"><\/fieldset><fieldset class=\"content-form-field-textarea elementor-column elementor-col-100\"><label for=\"data[9a0257d][message]\" >Message<span class=\"required-mark\"> *<\/span><\/label><textarea name=\"data[9a0257d][message]\" id=\"data[9a0257d][message]\"  required=\"required\" placeholder=\"Message\" cols=\"30\" rows=\"5\"><\/textarea><\/fieldset><fieldset class=\"submit-form contact\"><button type=\"submit\" name=\"submit\"  value=\"submit-contact-9a0257d\" class=\"\">Envoyer<\/button><\/fieldset><\/form>\t\t<\/div>\n\t\t\t\t<\/div>\n\t\t\t\t\t\t<\/div>\n\t\t\t\t\t<\/div>\n\t\t<\/div>\n\t\t\t\t\t\t\t\t<\/div>\n\t\t\t\t\t<\/div>\n\t\t<\/section>\n\t\t\t\t\t\t<\/div>\n\t\t\t\t\t\t<\/div>\n\t\t\t\t\t<\/div>\n\t\t","protected":false},"excerpt":{"rendered":"<p>Si vous souhaitez nous contacter, n&rsquo;h\u00e9sitez pas \u00e0 remplir le formulaire ci dessous. Nous vous r\u00e9pondrons avec plaisir. Vous pouvez aussi nous contacter \u00e0 cette adresse :\u00a0olympedeuxalpes@gmail.com ou \u00e0 ce num\u00e9ro : +33 (0)6 48 15 43 41 Nom * Pr\u00e9nom * Email * T\u00e9l\u00e9phone Message * Envoyer<\/p>\n","protected":false},"author":1,"featured_media":0,"parent":0,"menu_order":0,"comment_status":"closed","ping_status":"closed","template":"","meta":[],"_links":{"self":[{"href":"https:\/\/www.olympe2alpes.fr\/fr\/wp-json\/wp\/v2\/pages\/8"}],"collection":[{"href":"https:\/\/www.olympe2alpes.fr\/fr\/wp-json\/wp\/v2\/pages"}],"about":[{"href":"https:\/\/www.olympe2alpes.fr\/fr\/wp-json\/wp\/v2\/types\/page"}],"author":[{"embeddable":true,"href":"https:\/\/www.olympe2alpes.fr\/fr\/wp-json\/wp\/v2\/users\/1"}],"replies":[{"embeddable":true,"href":"https:\/\/www.olympe2alpes.fr\/fr\/wp-json\/wp\/v2\/comments?post=8"}],"version-history":[{"count":44,"href":"https:\/\/www.olympe2alpes.fr\/fr\/wp-json\/wp\/v2\/pages\/8\/revisions"}],"predecessor-version":[{"id":874,"href":"https:\/\/www.olympe2alpes.fr\/fr\/wp-json\/wp\/v2\/pages\/8\/revisions\/874"}],"wp:attachment":[{"href":"https:\/\/www.olympe2alpes.fr\/fr\/wp-json\/wp\/v2\/media?parent=8"}],"curies":[{"name":"wp","href":"https:\/\/api.w.org\/{rel}","templated":true}]}}