{"id":66,"date":"2020-11-01T12:54:45","date_gmt":"2020-11-01T11:54:45","guid":{"rendered":"http:\/\/localhost\/wordpress\/?page_id=66"},"modified":"2021-11-01T20:37:05","modified_gmt":"2021-11-01T19:37:05","slug":"la-station","status":"publish","type":"page","link":"https:\/\/www.olympe2alpes.fr\/fr\/la-station\/","title":{"rendered":"La station"},"content":{"rendered":"\t\t<div data-elementor-type=\"wp-page\" data-elementor-id=\"66\" class=\"elementor elementor-66\" data-elementor-settings=\"[]\">\n\t\t\t\t\t\t<div class=\"elementor-inner\">\n\t\t\t\t\t\t\t<div class=\"elementor-section-wrap\">\n\t\t\t\t\t\t\t<section class=\"elementor-section elementor-top-section elementor-element elementor-element-d183501 elementor-section-boxed elementor-section-height-default elementor-section-height-default\" data-id=\"d183501\" data-element_type=\"section\">\n\t\t\t\t\t\t<div class=\"elementor-container elementor-column-gap-no\">\n\t\t\t\t\t\t\t<div class=\"elementor-row\">\n\t\t\t\t\t<div class=\"elementor-column elementor-col-100 elementor-top-column elementor-element elementor-element-b593ebe\" data-id=\"b593ebe\" data-element_type=\"column\">\n\t\t\t<div class=\"elementor-column-wrap elementor-element-populated\">\n\t\t\t\t\t\t\t<div class=\"elementor-widget-wrap\">\n\t\t\t\t\t\t<div class=\"elementor-element elementor-element-5c0b5ad animated-fast elementor-invisible elementor-widget elementor-widget-heading\" data-id=\"5c0b5ad\" data-element_type=\"widget\" data-settings=\"{&quot;_animation&quot;:&quot;slideInDown&quot;,&quot;_animation_delay&quot;:200}\" data-widget_type=\"heading.default\">\n\t\t\t\t<div class=\"elementor-widget-container\">\n\t\t\t<h1 class=\"elementor-heading-title elementor-size-xl\">D\u00e9couvrez la station<\/h1>\t\t<\/div>\n\t\t\t\t<\/div>\n\t\t\t\t<div class=\"elementor-element elementor-element-044b788 elementor-widget elementor-widget-spacer\" data-id=\"044b788\" data-element_type=\"widget\" data-widget_type=\"spacer.default\">\n\t\t\t\t<div class=\"elementor-widget-container\">\n\t\t\t\t\t<div class=\"elementor-spacer\">\n\t\t\t<div class=\"elementor-spacer-inner\"><\/div>\n\t\t<\/div>\n\t\t\t\t<\/div>\n\t\t\t\t<\/div>\n\t\t\t\t<div class=\"elementor-element elementor-element-a8cebe5 elementor-arrows-position-outside elementor-widget elementor-widget-image-carousel\" data-id=\"a8cebe5\" data-element_type=\"widget\" data-settings=\"{&quot;slides_to_show&quot;:&quot;1&quot;,&quot;autoplay_speed&quot;:4000,&quot;speed&quot;:800,&quot;navigation&quot;:&quot;arrows&quot;,&quot;autoplay&quot;:&quot;yes&quot;,&quot;pause_on_hover&quot;:&quot;yes&quot;,&quot;pause_on_interaction&quot;:&quot;yes&quot;,&quot;infinite&quot;:&quot;yes&quot;,&quot;effect&quot;:&quot;slide&quot;}\" data-widget_type=\"image-carousel.default\">\n\t\t\t\t<div class=\"elementor-widget-container\">\n\t\t\t\t\t<div class=\"elementor-image-carousel-wrapper swiper-container\" dir=\"ltr\">\n\t\t\t<div class=\"elementor-image-carousel swiper-wrapper\">\n\t\t\t\t\t\t\t\t<div class=\"swiper-slide\"><figure class=\"swiper-slide-inner\"><img class=\"swiper-slide-image\" src=\"https:\/\/www.olympe2alpes.fr\/wp-content\/uploads\/elementor\/thumbs\/Les2Alpes-ppksw9he1fqp3m83qrnfq7fbkzf5bo1zrpexorbzyg.jpg\" alt=\"Les2Alpes\" \/><\/figure><\/div><div class=\"swiper-slide\"><figure class=\"swiper-slide-inner\"><img class=\"swiper-slide-image\" src=\"https:\/\/www.olympe2alpes.fr\/wp-content\/uploads\/elementor\/thumbs\/piste_telesiege-ppkswaf889rzf86qla22ap6s6daijd5q3u2f61als8.jpg\" alt=\"piste_telesiege\" \/><\/figure><\/div><div class=\"swiper-slide\"><figure class=\"swiper-slide-inner\"><img class=\"swiper-slide-image\" src=\"https:\/\/www.olympe2alpes.fr\/wp-content\/uploads\/elementor\/thumbs\/piste2-ppkswaf889rzf86qla22ap6s6daijd5q3u2f61als8.jpg\" alt=\"piste2\" \/><\/figure><\/div><div class=\"swiper-slide\"><figure class=\"swiper-slide-inner\"><img class=\"swiper-slide-image\" src=\"https:\/\/www.olympe2alpes.fr\/wp-content\/uploads\/elementor\/thumbs\/piste-ppkswaf889rzf86qla22ap6s6daijd5q3u2f61als8.jpg\" alt=\"piste\" \/><\/figure><\/div><div class=\"swiper-slide\"><figure class=\"swiper-slide-inner\"><img class=\"swiper-slide-image\" src=\"https:\/\/www.olympe2alpes.fr\/wp-content\/uploads\/elementor\/thumbs\/glacier-ppksw4s739k9hkexi7mavqm0m22b96jc325iadiytk.jpg\" alt=\"glacier\" \/><\/figure><\/div><div class=\"swiper-slide\"><figure class=\"swiper-slide-inner\"><img class=\"swiper-slide-image\" src=\"https:\/\/www.olympe2alpes.fr\/wp-content\/uploads\/elementor\/thumbs\/les-2-alpes-ete-ppksw9he1fqp3m83qrnfq7fbkzf5bo1zrpexorbzyg.jpg\" alt=\"les-2-alpes-\u00e9t\u00e9\" \/><\/figure><\/div><div class=\"swiper-slide\"><figure class=\"swiper-slide-inner\"><img class=\"swiper-slide-image\" src=\"https:\/\/www.olympe2alpes.fr\/wp-content\/uploads\/elementor\/thumbs\/lac-ppksvz55y9cjjwn4f56jgs191qu3yzwy2a8leprbuw.jpg\" alt=\"lac\" \/><\/figure><\/div><div class=\"swiper-slide\"><figure class=\"swiper-slide-inner\"><img class=\"swiper-slide-image\" src=\"https:\/\/www.olympe2alpes.fr\/wp-content\/uploads\/elementor\/thumbs\/IMG_8826-ppksvy7brfb98aohkmrwwa9sgcyqrat7q5l3xfsq14.jpg\" alt=\"IMG_8826\" \/><\/figure><\/div><div class=\"swiper-slide\"><figure class=\"swiper-slide-inner\"><img class=\"swiper-slide-image\" src=\"https:\/\/www.olympe2alpes.fr\/wp-content\/uploads\/elementor\/thumbs\/20170716_133520-scaled-ppksw10ubxf474ke45zslrk68ikuee4eqjjkd9ojig.jpg\" alt=\"20170716_133520\" \/><\/figure><\/div><div class=\"swiper-slide\"><figure class=\"swiper-slide-inner\"><img class=\"swiper-slide-image\" src=\"https:\/\/www.olympe2alpes.fr\/wp-content\/uploads\/elementor\/thumbs\/20170718_134124-scaled-ppksw1yoirgeiqj0yoef69bmtwg7m3852o71ujn5c8.jpg\" alt=\"20170718_134124\" \/><\/figure><\/div><div class=\"swiper-slide\"><figure class=\"swiper-slide-inner\"><img class=\"swiper-slide-image\" src=\"https:\/\/www.olympe2alpes.fr\/wp-content\/uploads\/elementor\/thumbs\/20170718_134126-scaled-ppksw2wiplhouchnt6t1qr33fabktsbvesujbtlr60.jpg\" alt=\"20170718_134126\" \/><\/figure><\/div><div class=\"swiper-slide\"><figure class=\"swiper-slide-inner\"><img class=\"swiper-slide-image\" src=\"https:\/\/www.olympe2alpes.fr\/wp-content\/uploads\/elementor\/thumbs\/20170719_152151-scaled-ppksw3ucwfiz5yganp7ob8uk0o6y1hflqxi0t3kczs.jpg\" alt=\"20170719_152151\" \/><\/figure><\/div>\t\t\t<\/div>\n\t\t\t\t\t\t\t\t\t\t\t\t\t\t\t\t<div class=\"elementor-swiper-button elementor-swiper-button-prev\">\n\t\t\t\t\t\t<i class=\"eicon-chevron-left\" aria-hidden=\"true\"><\/i>\n\t\t\t\t\t\t<span class=\"elementor-screen-only\">Pr\u00e9c\u00e9dent<\/span>\n\t\t\t\t\t<\/div>\n\t\t\t\t\t<div class=\"elementor-swiper-button elementor-swiper-button-next\">\n\t\t\t\t\t\t<i class=\"eicon-chevron-right\" aria-hidden=\"true\"><\/i>\n\t\t\t\t\t\t<span class=\"elementor-screen-only\">Suivant<\/span>\n\t\t\t\t\t<\/div>\n\t\t\t\t\t\t\t\t\t<\/div>\n\t\t\t\t<\/div>\n\t\t\t\t<\/div>\n\t\t\t\t<div class=\"elementor-element elementor-element-1ad7ab2 elementor-widget elementor-widget-alert\" data-id=\"1ad7ab2\" data-element_type=\"widget\" data-widget_type=\"alert.default\">\n\t\t\t\t<div class=\"elementor-widget-container\">\n\t\t\t\t\t<div class=\"elementor-alert elementor-alert-info\" role=\"alert\">\n\t\t\t<span class=\"elementor-alert-title\">Le domaine skiable est ouvert de fin novembre \u00e0 fin avril<\/span>\n\t\t\t\t\t\t\t<span class=\"elementor-alert-description\">Le glacier reste quant \u00e0 lui ouvert toute l'ann\u00e9e<\/span>\n\t\t\t\t\t\t\t\t<\/div>\n\t\t\t\t<\/div>\n\t\t\t\t<\/div>\n\t\t\t\t<div class=\"elementor-element elementor-element-ecd5898 elementor-tabs-alignment-stretch elementor-tabs-view-horizontal elementor-widget elementor-widget-tabs\" data-id=\"ecd5898\" data-element_type=\"widget\" data-widget_type=\"tabs.default\">\n\t\t\t\t<div class=\"elementor-widget-container\">\n\t\t\t\t\t<div class=\"elementor-tabs\">\n\t\t\t<div class=\"elementor-tabs-wrapper\" role=\"tablist\" >\n\t\t\t\t\t\t\t\t\t<div id=\"elementor-tab-title-2481\" class=\"elementor-tab-title elementor-tab-desktop-title\" aria-selected=\"true\" data-tab=\"1\" role=\"tab\" tabindex=\"0\" aria-controls=\"elementor-tab-content-2481\" aria-expanded=\"false\"><a href=\"\">Hiver<\/a><\/div>\n\t\t\t\t\t\t\t\t\t<div id=\"elementor-tab-title-2482\" class=\"elementor-tab-title elementor-tab-desktop-title\" aria-selected=\"false\" data-tab=\"2\" role=\"tab\" tabindex=\"-1\" aria-controls=\"elementor-tab-content-2482\" aria-expanded=\"false\"><a href=\"\">Et\u00e9<\/a><\/div>\n\t\t\t\t\t\t\t<\/div>\n\t\t\t<div class=\"elementor-tabs-content-wrapper\" role=\"tablist\" aria-orientation=\"vertical\">\n\t\t\t\t\t\t\t\t\t<div class=\"elementor-tab-title elementor-tab-mobile-title\" aria-selected=\"true\" data-tab=\"1\" role=\"tab\" tabindex=\"0\" aria-controls=\"elementor-tab-content-2481\" aria-expanded=\"false\">Hiver<\/div>\n\t\t\t\t\t<div id=\"elementor-tab-content-2481\" class=\"elementor-tab-content elementor-clearfix\" data-tab=\"1\" role=\"tabpanel\" aria-labelledby=\"elementor-tab-title-2481\" tabindex=\"0\" hidden=\"false\"><p style=\"text-align: center;\">Situ\u00e9e \u00e0 1\u00a0650m d\u2019altitude avec des remont\u00e9es m\u00e9caniques desservant le domaine skiable jusqu\u2019\u00e0 3\u00a0568m via un funiculaire souterrain et plusieurs t\u00e9l\u00e9ph\u00e9riques.<br \/>La station poss\u00e8de l\u2019un des plus grands glaciers skiables d\u2019Europe et est \u00e9galement tr\u00e8s r\u00e9put\u00e9e en France pour son ski d\u2019\u00e9t\u00e9 et son domaine d&rsquo;altitude particuli\u00e8rement accessible, m\u00eame aux d\u00e9butants.<\/p><p style=\"text-align: center;\">Vous pourrez ainsi skier hiver comme \u00e9t\u00e9 au coeur du massif des Ecrins sur un domaine skiable s&rsquo;\u00e9tendant sur plus de 410 hectares de pistes balis\u00e9es.<\/p><p class=\"MsoNormal\" style=\"text-align: center;\">Vous pourrez aussi visiter Mont De Lans et Venosc deux authentiques villages de la r\u00e9gion.<\/p><p style=\"text-align: center;\">Si vous souhaitez en savoir plus, cliquez <a href=\"https:\/\/woody.cloudly.space\/app\/uploads\/les-deux-alpes\/2020\/11\/2021-no2-plan-hiver-ro-bat-hd.jpg\" target=\"_blank\" rel=\"noopener\">ici <\/a>pour d\u00e9couvrir le plan des pistes de la station ou cliquez sur les ic\u00f4nes ci-dessous.<\/p><\/div>\n\t\t\t\t\t\t\t\t\t<div class=\"elementor-tab-title elementor-tab-mobile-title\" aria-selected=\"false\" data-tab=\"2\" role=\"tab\" tabindex=\"-1\" aria-controls=\"elementor-tab-content-2482\" aria-expanded=\"false\">Et\u00e9<\/div>\n\t\t\t\t\t<div id=\"elementor-tab-content-2482\" class=\"elementor-tab-content elementor-clearfix\" data-tab=\"2\" role=\"tabpanel\" aria-labelledby=\"elementor-tab-title-2482\" tabindex=\"0\" hidden=\"hidden\"><p style=\"text-align: center;\">La station est aussi tr\u00e8s vivante l\u2019\u00e9t\u00e9 proposant de nombreuses activit\u00e9s sportives. Ainsi, vous pourrez d\u00e9couvrir le plaisir du VTT de descente ou d\u00e9couvrir les magnifiques paysages qu\u2019offre la station \u00e0 travers des randonn\u00e9es correspondant \u00e0 tous les niveaux.<\/p><p style=\"text-align: center;\">Golf, piscine, parapente ou luge d\u2019\u00e9t\u00e9 viendront compl\u00e9ter votre s\u00e9jour que vous n\u2019\u00eates pas pr\u00eat d\u2019oublier\u00a0!<\/p><p style=\"text-align: center;\">Si vous souhaitez en savoir plus sur l\u2019organisation de la station en \u00e9t\u00e9, cliquez <a href=\"https:\/\/www.les2alpes.com\/ete\/\">ici<\/a> ou sur les ic\u00f4nes ci-dessous.<\/p><p style=\"text-align: center;\">.<\/p><\/div>\n\t\t\t\t\t\t\t<\/div>\n\t\t<\/div>\n\t\t\t\t<\/div>\n\t\t\t\t<\/div>\n\t\t\t\t<div class=\"elementor-element elementor-element-7d20e55 elementor-widget elementor-widget-spacer\" data-id=\"7d20e55\" data-element_type=\"widget\" data-widget_type=\"spacer.default\">\n\t\t\t\t<div class=\"elementor-widget-container\">\n\t\t\t\t\t<div class=\"elementor-spacer\">\n\t\t\t<div class=\"elementor-spacer-inner\"><\/div>\n\t\t<\/div>\n\t\t\t\t<\/div>\n\t\t\t\t<\/div>\n\t\t\t\t\t\t<\/div>\n\t\t\t\t\t<\/div>\n\t\t<\/div>\n\t\t\t\t\t\t\t\t<\/div>\n\t\t\t\t\t<\/div>\n\t\t<\/section>\n\t\t\t\t<section class=\"elementor-section elementor-top-section elementor-element elementor-element-509ba55 elementor-section-boxed elementor-section-height-default elementor-section-height-default\" data-id=\"509ba55\" data-element_type=\"section\">\n\t\t\t\t\t\t<div class=\"elementor-container elementor-column-gap-default\">\n\t\t\t\t\t\t\t<div class=\"elementor-row\">\n\t\t\t\t\t<div class=\"elementor-column elementor-col-25 elementor-top-column elementor-element elementor-element-1cdea1b\" data-id=\"1cdea1b\" data-element_type=\"column\">\n\t\t\t<div class=\"elementor-column-wrap elementor-element-populated\">\n\t\t\t\t\t\t\t<div class=\"elementor-widget-wrap\">\n\t\t\t\t\t\t<div class=\"elementor-element elementor-element-b508406 elementor-view-stacked elementor-shape-circle elementor-widget elementor-widget-icon\" data-id=\"b508406\" data-element_type=\"widget\" data-widget_type=\"icon.default\">\n\t\t\t\t<div class=\"elementor-widget-container\">\n\t\t\t\t\t<div class=\"elementor-icon-wrapper\">\n\t\t\t<a class=\"elementor-icon elementor-animation-pulse\" href=\"https:\/\/www.les2alpes.com\/hiver\/skier-aux-2-alpes\/domaine-skiable\/\">\n\t\t\t<i aria-hidden=\"true\" class=\"fas fa-skiing\"><\/i>\t\t\t<\/a>\n\t\t<\/div>\n\t\t\t\t<\/div>\n\t\t\t\t<\/div>\n\t\t\t\t\t\t<\/div>\n\t\t\t\t\t<\/div>\n\t\t<\/div>\n\t\t\t\t<div class=\"elementor-column elementor-col-25 elementor-top-column elementor-element elementor-element-9a64e49\" data-id=\"9a64e49\" data-element_type=\"column\">\n\t\t\t<div class=\"elementor-column-wrap elementor-element-populated\">\n\t\t\t\t\t\t\t<div class=\"elementor-widget-wrap\">\n\t\t\t\t\t\t<div class=\"elementor-element elementor-element-cd4493b elementor-view-stacked elementor-shape-circle elementor-widget elementor-widget-icon\" data-id=\"cd4493b\" data-element_type=\"widget\" data-widget_type=\"icon.default\">\n\t\t\t\t<div class=\"elementor-widget-container\">\n\t\t\t\t\t<div class=\"elementor-icon-wrapper\">\n\t\t\t<a class=\"elementor-icon elementor-animation-pulse\" href=\"https:\/\/www.les2alpes.com\/ete\/decouvrir\/parcourir-les-2-alpes-et-ses-alentours\/rider-en-vtt\/les-parcours-vtt\/\">\n\t\t\t<i aria-hidden=\"true\" class=\"fas fa-biking\"><\/i>\t\t\t<\/a>\n\t\t<\/div>\n\t\t\t\t<\/div>\n\t\t\t\t<\/div>\n\t\t\t\t\t\t<\/div>\n\t\t\t\t\t<\/div>\n\t\t<\/div>\n\t\t\t\t<div class=\"elementor-column elementor-col-25 elementor-top-column elementor-element elementor-element-60a278c\" data-id=\"60a278c\" data-element_type=\"column\">\n\t\t\t<div class=\"elementor-column-wrap elementor-element-populated\">\n\t\t\t\t\t\t\t<div class=\"elementor-widget-wrap\">\n\t\t\t\t\t\t<div class=\"elementor-element elementor-element-9d0380a elementor-view-stacked elementor-shape-circle elementor-widget elementor-widget-icon\" data-id=\"9d0380a\" data-element_type=\"widget\" data-widget_type=\"icon.default\">\n\t\t\t\t<div class=\"elementor-widget-container\">\n\t\t\t\t\t<div class=\"elementor-icon-wrapper\">\n\t\t\t<a class=\"elementor-icon elementor-animation-pulse\" href=\"https:\/\/www.les2alpes.com\/ete\/decouvrir\/parcourir-les-2-alpes-et-ses-alentours\/sevader-en-randonnee\/parcours-randonnee\/\">\n\t\t\t<i aria-hidden=\"true\" class=\"fas fa-walking\"><\/i>\t\t\t<\/a>\n\t\t<\/div>\n\t\t\t\t<\/div>\n\t\t\t\t<\/div>\n\t\t\t\t\t\t<\/div>\n\t\t\t\t\t<\/div>\n\t\t<\/div>\n\t\t\t\t<div class=\"elementor-column elementor-col-25 elementor-top-column elementor-element elementor-element-785cc8b\" data-id=\"785cc8b\" data-element_type=\"column\">\n\t\t\t<div class=\"elementor-column-wrap elementor-element-populated\">\n\t\t\t\t\t\t\t<div class=\"elementor-widget-wrap\">\n\t\t\t\t\t\t<div class=\"elementor-element elementor-element-d0648ab elementor-view-stacked elementor-shape-circle elementor-widget elementor-widget-icon\" data-id=\"d0648ab\" data-element_type=\"widget\" data-widget_type=\"icon.default\">\n\t\t\t\t<div class=\"elementor-widget-container\">\n\t\t\t\t\t<div class=\"elementor-icon-wrapper\">\n\t\t\t<a class=\"elementor-icon elementor-animation-pulse\" href=\"https:\/\/www.les2alpes.com\/ete\/offres\/piscine-des-2-alpes-les-deux-alpes-fr-ete-3096075\/\">\n\t\t\t<i aria-hidden=\"true\" class=\"fas fa-swimmer\"><\/i>\t\t\t<\/a>\n\t\t<\/div>\n\t\t\t\t<\/div>\n\t\t\t\t<\/div>\n\t\t\t\t\t\t<\/div>\n\t\t\t\t\t<\/div>\n\t\t<\/div>\n\t\t\t\t\t\t\t\t<\/div>\n\t\t\t\t\t<\/div>\n\t\t<\/section>\n\t\t\t\t<section class=\"elementor-section elementor-top-section elementor-element elementor-element-5de97e2 elementor-section-boxed elementor-section-height-default elementor-section-height-default\" data-id=\"5de97e2\" data-element_type=\"section\">\n\t\t\t\t\t\t<div class=\"elementor-container elementor-column-gap-default\">\n\t\t\t\t\t\t\t<div class=\"elementor-row\">\n\t\t\t\t\t<div class=\"elementor-column elementor-col-100 elementor-top-column elementor-element elementor-element-8fd948c\" data-id=\"8fd948c\" data-element_type=\"column\">\n\t\t\t<div class=\"elementor-column-wrap elementor-element-populated\">\n\t\t\t\t\t\t\t<div class=\"elementor-widget-wrap\">\n\t\t\t\t\t\t<div class=\"elementor-element elementor-element-095de86 elementor-widget elementor-widget-spacer\" data-id=\"095de86\" data-element_type=\"widget\" data-widget_type=\"spacer.default\">\n\t\t\t\t<div class=\"elementor-widget-container\">\n\t\t\t\t\t<div class=\"elementor-spacer\">\n\t\t\t<div class=\"elementor-spacer-inner\"><\/div>\n\t\t<\/div>\n\t\t\t\t<\/div>\n\t\t\t\t<\/div>\n\t\t\t\t\t\t<\/div>\n\t\t\t\t\t<\/div>\n\t\t<\/div>\n\t\t\t\t\t\t\t\t<\/div>\n\t\t\t\t\t<\/div>\n\t\t<\/section>\n\t\t\t\t\t\t<\/div>\n\t\t\t\t\t\t<\/div>\n\t\t\t\t\t<\/div>\n\t\t","protected":false},"excerpt":{"rendered":"<p>D\u00e9couvrez la station Pr\u00e9c\u00e9dent Suivant Le domaine skiable est ouvert de fin novembre \u00e0 fin avril Le glacier reste quant \u00e0 lui ouvert toute l&rsquo;ann\u00e9e Hiver Et\u00e9 Hiver Situ\u00e9e \u00e0 1&nbsp;650m d\u2019altitude avec des remont\u00e9es m\u00e9caniques desservant le domaine skiable jusqu\u2019\u00e0 3&nbsp;568m via un funiculaire souterrain et plusieurs t\u00e9l\u00e9ph\u00e9riques. La [&hellip;]<\/p>\n","protected":false},"author":1,"featured_media":0,"parent":0,"menu_order":0,"comment_status":"closed","ping_status":"closed","template":"page-templates\/template-pagebuilder-full-width.php","meta":[],"_links":{"self":[{"href":"https:\/\/www.olympe2alpes.fr\/fr\/wp-json\/wp\/v2\/pages\/66"}],"collection":[{"href":"https:\/\/www.olympe2alpes.fr\/fr\/wp-json\/wp\/v2\/pages"}],"about":[{"href":"https:\/\/www.olympe2alpes.fr\/fr\/wp-json\/wp\/v2\/types\/page"}],"author":[{"embeddable":true,"href":"https:\/\/www.olympe2alpes.fr\/fr\/wp-json\/wp\/v2\/users\/1"}],"replies":[{"embeddable":true,"href":"https:\/\/www.olympe2alpes.fr\/fr\/wp-json\/wp\/v2\/comments?post=66"}],"version-history":[{"count":137,"href":"https:\/\/www.olympe2alpes.fr\/fr\/wp-json\/wp\/v2\/pages\/66\/revisions"}],"predecessor-version":[{"id":818,"href":"https:\/\/www.olympe2alpes.fr\/fr\/wp-json\/wp\/v2\/pages\/66\/revisions\/818"}],"wp:attachment":[{"href":"https:\/\/www.olympe2alpes.fr\/fr\/wp-json\/wp\/v2\/media?parent=66"}],"curies":[{"name":"wp","href":"https:\/\/api.w.org\/{rel}","templated":true}]}}