{"id":509,"date":"2021-09-08T22:08:37","date_gmt":"2021-09-08T21:08:37","guid":{"rendered":"http:\/\/localhost\/wordpress\/?page_id=509"},"modified":"2022-04-07T21:12:49","modified_gmt":"2022-04-07T20:12:49","slug":"lappartement","status":"publish","type":"page","link":"https:\/\/www.olympe2alpes.fr\/fr\/lappartement\/","title":{"rendered":"L&rsquo;appartement"},"content":{"rendered":"\t\t<div data-elementor-type=\"wp-page\" data-elementor-id=\"509\" class=\"elementor elementor-509\" data-elementor-settings=\"[]\">\n\t\t\t\t\t\t<div class=\"elementor-inner\">\n\t\t\t\t\t\t\t<div class=\"elementor-section-wrap\">\n\t\t\t\t\t\t\t<section class=\"elementor-section elementor-top-section elementor-element elementor-element-21cdbd17 elementor-section-boxed elementor-section-height-default elementor-section-height-default\" data-id=\"21cdbd17\" data-element_type=\"section\">\n\t\t\t\t\t\t<div class=\"elementor-container elementor-column-gap-default\">\n\t\t\t\t\t\t\t<div class=\"elementor-row\">\n\t\t\t\t\t<div class=\"elementor-column elementor-col-100 elementor-top-column elementor-element elementor-element-3f20aca4\" data-id=\"3f20aca4\" data-element_type=\"column\">\n\t\t\t<div class=\"elementor-column-wrap elementor-element-populated\">\n\t\t\t\t\t\t\t<div class=\"elementor-widget-wrap\">\n\t\t\t\t\t\t<div class=\"elementor-element elementor-element-539519d elementor-widget elementor-widget-heading\" data-id=\"539519d\" data-element_type=\"widget\" data-widget_type=\"heading.default\">\n\t\t\t\t<div class=\"elementor-widget-container\">\n\t\t\t<h1 class=\"elementor-heading-title elementor-size-xl\">D\u00e9couvrez notre appartement<\/h1>\t\t<\/div>\n\t\t\t\t<\/div>\n\t\t\t\t<div class=\"elementor-element elementor-element-fbfa70b elementor-widget elementor-widget-spacer\" data-id=\"fbfa70b\" data-element_type=\"widget\" data-widget_type=\"spacer.default\">\n\t\t\t\t<div class=\"elementor-widget-container\">\n\t\t\t\t\t<div class=\"elementor-spacer\">\n\t\t\t<div class=\"elementor-spacer-inner\"><\/div>\n\t\t<\/div>\n\t\t\t\t<\/div>\n\t\t\t\t<\/div>\n\t\t\t\t<div class=\"elementor-element elementor-element-59c4f054 elementor-widget elementor-widget-text-editor\" data-id=\"59c4f054\" data-element_type=\"widget\" data-widget_type=\"text-editor.default\">\n\t\t\t\t<div class=\"elementor-widget-container\">\n\t\t\t\t\t\t\t\t<div class=\"elementor-text-editor elementor-clearfix\">\n\t\t\t\t<p><b>Bienvenue dans notre appartement situ\u00e9 dans la r\u00e9sidence l&rsquo;Olympe.<\/b><b> D&rsquo;une surface de <span style=\"color: #DA3B3B;\">50m2<\/span> il peut accueillir tr\u00e8s confortablement <span style=\"color: #DA3B3B;\">5 \u00e0 6 personnes<\/span>. <\/b><\/p>\n<p><b>Ci-dessous, les photos de l&rsquo;appartement ainsi que ses diff\u00e9rentes caract\u00e9ristiques.<br \/><\/b><\/p>\t\t\t\t\t<\/div>\n\t\t\t\t\t\t<\/div>\n\t\t\t\t<\/div>\n\t\t\t\t<div class=\"elementor-element elementor-element-991a66e elementor-align-center elementor-icon-list--layout-traditional elementor-list-item-link-full_width elementor-widget elementor-widget-icon-list\" data-id=\"991a66e\" data-element_type=\"widget\" data-widget_type=\"icon-list.default\">\n\t\t\t\t<div class=\"elementor-widget-container\">\n\t\t\t\t\t<ul class=\"elementor-icon-list-items\">\n\t\t\t\t\t\t\t<li class=\"elementor-icon-list-item\">\n\t\t\t\t\t\t\t\t\t\t\t<span class=\"elementor-icon-list-icon\">\n\t\t\t\t\t\t\t<i aria-hidden=\"true\" class=\"fas fa-home\"><\/i>\t\t\t\t\t\t<\/span>\n\t\t\t\t\t\t\t\t\t\t<span class=\"elementor-icon-list-text\">Appartement de 50m2<\/span>\n\t\t\t\t\t\t\t\t\t<\/li>\n\t\t\t\t\t\t\t\t<li class=\"elementor-icon-list-item\">\n\t\t\t\t\t\t\t\t\t\t\t<span class=\"elementor-icon-list-icon\">\n\t\t\t\t\t\t\t<i aria-hidden=\"true\" class=\"fas fa-bed\"><\/i>\t\t\t\t\t\t<\/span>\n\t\t\t\t\t\t\t\t\t\t<span class=\"elementor-icon-list-text\">3 chambres<\/span>\n\t\t\t\t\t\t\t\t\t<\/li>\n\t\t\t\t\t\t\t\t<li class=\"elementor-icon-list-item\">\n\t\t\t\t\t\t\t\t\t\t\t<span class=\"elementor-icon-list-icon\">\n\t\t\t\t\t\t\t<i aria-hidden=\"true\" class=\"fas fa-wifi\"><\/i>\t\t\t\t\t\t<\/span>\n\t\t\t\t\t\t\t\t\t\t<span class=\"elementor-icon-list-text\">Acc\u00e8s au Wifi<\/span>\n\t\t\t\t\t\t\t\t\t<\/li>\n\t\t\t\t\t\t\t\t<li class=\"elementor-icon-list-item\">\n\t\t\t\t\t\t\t\t\t\t\t<span class=\"elementor-icon-list-icon\">\n\t\t\t\t\t\t\t<i aria-hidden=\"true\" class=\"fas fa-parking\"><\/i>\t\t\t\t\t\t<\/span>\n\t\t\t\t\t\t\t\t\t\t<span class=\"elementor-icon-list-text\">Parking ext\u00e9rieur<\/span>\n\t\t\t\t\t\t\t\t\t<\/li>\n\t\t\t\t\t\t\t\t<li class=\"elementor-icon-list-item\">\n\t\t\t\t\t\t\t\t\t\t\t<span class=\"elementor-icon-list-icon\">\n\t\t\t\t\t\t\t<i aria-hidden=\"true\" class=\"fas fa-skiing\"><\/i>\t\t\t\t\t\t<\/span>\n\t\t\t\t\t\t\t\t\t\t<span class=\"elementor-icon-list-text\">Proche du t\u00e9l\u00e9si\u00e8ge de la \"Belle Etoile\" et du rassemblement de l'Ecole de ski ESF \"Le Champam\u00e9\"<\/span>\n\t\t\t\t\t\t\t\t\t<\/li>\n\t\t\t\t\t\t\t\t<li class=\"elementor-icon-list-item\">\n\t\t\t\t\t\t\t\t\t\t\t<span class=\"elementor-icon-list-icon\">\n\t\t\t\t\t\t\t<i aria-hidden=\"true\" class=\"fas fa-lock\"><\/i>\t\t\t\t\t\t<\/span>\n\t\t\t\t\t\t\t\t\t\t<span class=\"elementor-icon-list-text\">Casier \u00e0 ski au rez de chauss\u00e9e<\/span>\n\t\t\t\t\t\t\t\t\t<\/li>\n\t\t\t\t\t\t<\/ul>\n\t\t\t\t<\/div>\n\t\t\t\t<\/div>\n\t\t\t\t<div class=\"elementor-element elementor-element-32d029f elementor-arrows-position-outside elementor-widget elementor-widget-image-carousel\" data-id=\"32d029f\" data-element_type=\"widget\" data-settings=\"{&quot;slides_to_show&quot;:&quot;1&quot;,&quot;navigation&quot;:&quot;arrows&quot;,&quot;autoplay_speed&quot;:4000,&quot;speed&quot;:800,&quot;autoplay&quot;:&quot;yes&quot;,&quot;pause_on_hover&quot;:&quot;yes&quot;,&quot;pause_on_interaction&quot;:&quot;yes&quot;,&quot;infinite&quot;:&quot;yes&quot;,&quot;effect&quot;:&quot;slide&quot;}\" data-widget_type=\"image-carousel.default\">\n\t\t\t\t<div class=\"elementor-widget-container\">\n\t\t\t\t\t<div class=\"elementor-image-carousel-wrapper swiper-container\" dir=\"ltr\">\n\t\t\t<div class=\"elementor-image-carousel swiper-wrapper\">\n\t\t\t\t\t\t\t\t<div class=\"swiper-slide\"><figure class=\"swiper-slide-inner\"><img class=\"swiper-slide-image\" src=\"https:\/\/www.olympe2alpes.fr\/wp-content\/uploads\/elementor\/thumbs\/IMG_8266-e1631962819301-ppksw6nwg0obp59rc0bytupmv08vdii30ufbdtqxxc.jpg\" alt=\"Le salon\" \/><figcaption class=\"elementor-image-carousel-caption\">Le salon<\/figcaption><\/figure><\/div><div class=\"swiper-slide\"><figure class=\"swiper-slide-inner\"><img class=\"swiper-slide-image\" src=\"https:\/\/www.olympe2alpes.fr\/wp-content\/uploads\/elementor\/thumbs\/IMG_8272-ppksw7lqmupm0r8e6iqlech3ge48l7ltcz2sv3pjr4.jpg\" alt=\"Le salon\" \/><figcaption class=\"elementor-image-carousel-caption\">Le salon<\/figcaption><\/figure><\/div><div class=\"swiper-slide\"><figure class=\"swiper-slide-inner\"><img class=\"swiper-slide-image\" src=\"https:\/\/www.olympe2alpes.fr\/wp-content\/uploads\/elementor\/thumbs\/IMG_8271-ppksw7lqmupm0r8e6iqlech3ge48l7ltcz2sv3pjr4.jpg\" alt=\"Le salon\" \/><figcaption class=\"elementor-image-carousel-caption\">Le salon<\/figcaption><\/figure><\/div><div class=\"swiper-slide\"><figure class=\"swiper-slide-inner\"><img class=\"swiper-slide-image\" src=\"https:\/\/www.olympe2alpes.fr\/wp-content\/uploads\/elementor\/thumbs\/IMG_8279-ppksw8jktoqwcd711157yu8k1rzlswpjp3qacdo5kw.jpg\" alt=\"Balcon du salon\" \/><figcaption class=\"elementor-image-carousel-caption\">Balcon du salon<\/figcaption><\/figure><\/div><div class=\"swiper-slide\"><figure class=\"swiper-slide-inner\"><img class=\"swiper-slide-image\" src=\"https:\/\/www.olympe2alpes.fr\/wp-content\/uploads\/elementor\/thumbs\/IMG_8250-ppksw5q296n1djb4hhxc9cy69mdi5tecoprtwjsc3k.jpg\" alt=\"Chambre parentale\" \/><figcaption class=\"elementor-image-carousel-caption\">Chambre parentale<\/figcaption><\/figure><\/div><div class=\"swiper-slide\"><figure class=\"swiper-slide-inner\"><img class=\"swiper-slide-image\" src=\"https:\/\/www.olympe2alpes.fr\/wp-content\/uploads\/elementor\/thumbs\/IMG_8256-rotated-ppksw6nwg0obp59rc0bytupmv08vdii30ufbdtqxxc.jpg\" alt=\"Chambre parentale\" \/><figcaption class=\"elementor-image-carousel-caption\">Chambre parentale<\/figcaption><\/figure><\/div><div class=\"swiper-slide\"><figure class=\"swiper-slide-inner\"><img class=\"swiper-slide-image\" src=\"https:\/\/www.olympe2alpes.fr\/wp-content\/uploads\/elementor\/thumbs\/IMG_8254-rotated-ppksw5q296n1djb4hhxc9cy69mdi5tecoprtwjsc3k.jpg\" alt=\"Machine \u00e0 laver\" \/><figcaption class=\"elementor-image-carousel-caption\">Machine \u00e0 laver<\/figcaption><\/figure><\/div><div class=\"swiper-slide\"><figure class=\"swiper-slide-inner\"><img class=\"swiper-slide-image\" src=\"https:\/\/www.olympe2alpes.fr\/wp-content\/uploads\/elementor\/thumbs\/IMG_1456-scaled-ppkswd8rruxbyf079l6ctb1v0pcfve87dqzpqrh6ps.jpeg\" alt=\"La salle de bain\" \/><figcaption class=\"elementor-image-carousel-caption\">La salle de bain<\/figcaption><\/figure><\/div><div class=\"swiper-slide\"><figure class=\"swiper-slide-inner\"><img class=\"swiper-slide-image\" src=\"https:\/\/www.olympe2alpes.fr\/wp-content\/uploads\/elementor\/thumbs\/IMG_1457-scaled-ppkswe6lyoyma0yu43kzdstbm37t33bxpvn781fsjk.jpeg\" alt=\"La salle de bain\" \/><figcaption class=\"elementor-image-carousel-caption\">La salle de bain<\/figcaption><\/figure><\/div><div class=\"swiper-slide\"><figure class=\"swiper-slide-inner\"><img class=\"swiper-slide-image\" src=\"https:\/\/www.olympe2alpes.fr\/wp-content\/uploads\/elementor\/thumbs\/IMG_1448-scaled-ppkswbd3e6urb72xkkd3obixtxlpg00qphoqs7jz28.jpeg\" alt=\"Chambre n1\" \/><figcaption class=\"elementor-image-carousel-caption\">Chambre n1<\/figcaption><\/figure><\/div><div class=\"swiper-slide\"><figure class=\"swiper-slide-inner\"><img class=\"swiper-slide-image\" src=\"https:\/\/www.olympe2alpes.fr\/wp-content\/uploads\/elementor\/thumbs\/IMG_1449-scaled-ppkswcaxl0w1mt1kf2rq8taefbh2np4h1mc89hikw0.jpeg\" alt=\"Chambre n1\" \/><figcaption class=\"elementor-image-carousel-caption\">Chambre n1<\/figcaption><\/figure><\/div><div class=\"swiper-slide\"><figure class=\"swiper-slide-inner\"><img class=\"swiper-slide-image\" src=\"https:\/\/www.olympe2alpes.fr\/wp-content\/uploads\/elementor\/thumbs\/IMG_1454-scaled-ppkswcaxl0w1mt1kf2rq8taefbh2np4h1mc89hikw0.jpeg\" alt=\"Chambre n2\" \/><figcaption class=\"elementor-image-carousel-caption\">Chambre n2<\/figcaption><\/figure><\/div><div class=\"swiper-slide\"><figure class=\"swiper-slide-inner\"><img class=\"swiper-slide-image\" src=\"https:\/\/www.olympe2alpes.fr\/wp-content\/uploads\/elementor\/thumbs\/IMG_1455-scaled-ppkswd8rruxbyf079l6ctb1v0pcfve87dqzpqrh6ps.jpeg\" alt=\"Chambre n2\" \/><figcaption class=\"elementor-image-carousel-caption\">Chambre n2<\/figcaption><\/figure><\/div>\t\t\t<\/div>\n\t\t\t\t\t\t\t\t\t\t\t\t\t\t\t\t<div class=\"elementor-swiper-button elementor-swiper-button-prev\">\n\t\t\t\t\t\t<i class=\"eicon-chevron-left\" aria-hidden=\"true\"><\/i>\n\t\t\t\t\t\t<span class=\"elementor-screen-only\">Pr\u00e9c\u00e9dent<\/span>\n\t\t\t\t\t<\/div>\n\t\t\t\t\t<div class=\"elementor-swiper-button elementor-swiper-button-next\">\n\t\t\t\t\t\t<i class=\"eicon-chevron-right\" aria-hidden=\"true\"><\/i>\n\t\t\t\t\t\t<span class=\"elementor-screen-only\">Suivant<\/span>\n\t\t\t\t\t<\/div>\n\t\t\t\t\t\t\t\t\t<\/div>\n\t\t\t\t<\/div>\n\t\t\t\t<\/div>\n\t\t\t\t<div class=\"elementor-element elementor-element-cb153de elementor-widget elementor-widget-alert\" data-id=\"cb153de\" data-element_type=\"widget\" data-widget_type=\"alert.default\">\n\t\t\t\t<div class=\"elementor-widget-container\">\n\t\t\t\t\t<div class=\"elementor-alert elementor-alert-info\" role=\"alert\">\n\t\t\t<span class=\"elementor-alert-title\">Avec notre partenariat 2 Alpes, b\u00e9n\u00e9ficiez de 5% de remise sur vos ski pass<\/span>\n\t\t\t\t\t\t\t\t<\/div>\n\t\t\t\t<\/div>\n\t\t\t\t<\/div>\n\t\t\t\t<div class=\"elementor-element elementor-element-141fba3 elementor-widget elementor-widget-accordion\" data-id=\"141fba3\" data-element_type=\"widget\" data-widget_type=\"accordion.default\">\n\t\t\t\t<div class=\"elementor-widget-container\">\n\t\t\t\t\t<div class=\"elementor-accordion\" role=\"tablist\">\n\t\t\t\t\t\t\t<div class=\"elementor-accordion-item\">\n\t\t\t\t\t<div id=\"elementor-tab-title-2111\" class=\"elementor-tab-title\" data-tab=\"1\" role=\"tab\" aria-controls=\"elementor-tab-content-2111\" aria-expanded=\"false\">\n\t\t\t\t\t\t\t\t\t\t\t\t\t<span class=\"elementor-accordion-icon elementor-accordion-icon-left\" aria-hidden=\"true\">\n\t\t\t\t\t\t\t\t\t\t\t\t\t\t\t<span class=\"elementor-accordion-icon-closed\"><i class=\"fas fa-plus\"><\/i><\/span>\n\t\t\t\t\t\t\t\t<span class=\"elementor-accordion-icon-opened\"><i class=\"fas fa-minus\"><\/i><\/span>\n\t\t\t\t\t\t\t\t\t\t\t\t\t\t<\/span>\n\t\t\t\t\t\t\t\t\t\t\t\t<a class=\"elementor-accordion-title\" href=\"\">Descriptif de l'appartement<\/a>\n\t\t\t\t\t<\/div>\n\t\t\t\t\t<div id=\"elementor-tab-content-2111\" class=\"elementor-tab-content elementor-clearfix\" data-tab=\"1\" role=\"tabpanel\" aria-labelledby=\"elementor-tab-title-2111\"><p>-Tr\u00e8s confortable appartement de 3 pi\u00e8ces de 50m\u00b2 avec 2 balcons. <br \/>-2\u00e8me \u00e9tage avec ascenseur, parking ext\u00e9rieur derri\u00e8re la r\u00e9sidence accessible par badge (barri\u00e8re automatique). <br \/>-Appartement meubl\u00e9 tr\u00e8s r\u00e9cemment avec beaucoup de soin, esprit montagne. <br \/>&#8211; Tous vitrages neufs chang\u00e9 en 2019, volets roulants \u00e9lectriques install\u00e9s en 2019. <br \/>&#8211; 2 balcons orient\u00e9s Est. <br \/>&#8211; Superficie de 50 m\u00b2, 1 s\u00e9jour, 3 chambres, 1 salle de bain, toilettes s\u00e9par\u00e9es. <br \/>&#8211; Capacit\u00e9 de couchage : confort pour 5 et possibilit\u00e9 6\u00e8me personne, (lit d&rsquo;appoint pour enfant ou ado). Oreillers, al\u00e8ses, couvertures, couettes, couvre-lits \u00e0 disposition.<\/p>\n<p>&#8211; Salle de bain avec baignoire et douche, lavabo, s\u00e8che serviettes, s\u00e8che-cheveux. <br \/>&#8211; WC s\u00e9par\u00e9s <br \/>&#8211; Chauffage \u00e9lectrique <br \/>&#8211; Aspirateur, fer et planche \u00e0 repasser, \u00e9tendeur \u00e0 linge, <br \/>&#8211; 2 balcons avec 2 chaises longues.<\/p><\/div>\n\t\t\t\t<\/div>\n\t\t\t\t\t\t\t<div class=\"elementor-accordion-item\">\n\t\t\t\t\t<div id=\"elementor-tab-title-2112\" class=\"elementor-tab-title\" data-tab=\"2\" role=\"tab\" aria-controls=\"elementor-tab-content-2112\" aria-expanded=\"false\">\n\t\t\t\t\t\t\t\t\t\t\t\t\t<span class=\"elementor-accordion-icon elementor-accordion-icon-left\" aria-hidden=\"true\">\n\t\t\t\t\t\t\t\t\t\t\t\t\t\t\t<span class=\"elementor-accordion-icon-closed\"><i class=\"fas fa-plus\"><\/i><\/span>\n\t\t\t\t\t\t\t\t<span class=\"elementor-accordion-icon-opened\"><i class=\"fas fa-minus\"><\/i><\/span>\n\t\t\t\t\t\t\t\t\t\t\t\t\t\t<\/span>\n\t\t\t\t\t\t\t\t\t\t\t\t<a class=\"elementor-accordion-title\" href=\"\">S\u00e9jour et cuisine<\/a>\n\t\t\t\t\t<\/div>\n\t\t\t\t\t<div id=\"elementor-tab-content-2112\" class=\"elementor-tab-content elementor-clearfix\" data-tab=\"2\" role=\"tabpanel\" aria-labelledby=\"elementor-tab-title-2112\"><p>&#8211; S\u00e9jour avec 1 canap\u00e9, TV \u00e9cran plat 100cm, lecteur DVD, coin repas avec table et chaises et tabourets.\n<br>\n<\/p>\n<p>\n&#8211; Cuisine \u00e9quip\u00e9e avec 4 plaques cuisson vitro c\u00e9ramique, four, micro-ondes, lave-vaisselle, r\u00e9frig\u00e9rateur\/cong\u00e9lateur, cafeti\u00e8re et bouilloire \u00e9lectriques, <br>Machine \u00e0 caf\u00e9 NESPRESSO, grille-pain, four \u00e0 raclette, presse-agrumes. <\/p><\/div>\n\t\t\t\t<\/div>\n\t\t\t\t\t\t\t<div class=\"elementor-accordion-item\">\n\t\t\t\t\t<div id=\"elementor-tab-title-2113\" class=\"elementor-tab-title\" data-tab=\"3\" role=\"tab\" aria-controls=\"elementor-tab-content-2113\" aria-expanded=\"false\">\n\t\t\t\t\t\t\t\t\t\t\t\t\t<span class=\"elementor-accordion-icon elementor-accordion-icon-left\" aria-hidden=\"true\">\n\t\t\t\t\t\t\t\t\t\t\t\t\t\t\t<span class=\"elementor-accordion-icon-closed\"><i class=\"fas fa-plus\"><\/i><\/span>\n\t\t\t\t\t\t\t\t<span class=\"elementor-accordion-icon-opened\"><i class=\"fas fa-minus\"><\/i><\/span>\n\t\t\t\t\t\t\t\t\t\t\t\t\t\t<\/span>\n\t\t\t\t\t\t\t\t\t\t\t\t<a class=\"elementor-accordion-title\" href=\"\">Chambres<\/a>\n\t\t\t\t\t<\/div>\n\t\t\t\t\t<div id=\"elementor-tab-content-2113\" class=\"elementor-tab-content elementor-clearfix\" data-tab=\"3\" role=\"tabpanel\" aria-labelledby=\"elementor-tab-title-2113\"><p>&#8211; Chambre 1 pour 2 personnes avec 1 lit (140 x 190), chevets, placard avec penderie, al\u00e8ses, oreillers, couvertures, couettes, sommiers \u00e0 lattes, <span style=\"text-decoration: underline; color: #DA3B3B;\">TV \u00e9cran plat 86cm, lave linge et s\u00e8che linge<\/span>. <br \/>&#8211; Chambre 2 comportant 2 lits superpos\u00e9s (90&#215;190), oreillers, armoire, couvertures, couettes, sommiers \u00e0 lattes, <span style=\"text-decoration: underline;\"><span style=\"color: #DA3B3B; text-decoration: underline;\">TV \u00e9cran plat<\/span><\/span>. <br \/>&#8211; Chambre 3 comportant 1 lit simple (90&#215;190) + 1 lit d&rsquo;appoint pour enfant ou ado, chevet, couvertures, couettes, oreillers, armoire, table, chaise, sommier \u00e0 lattes, <span style=\"text-decoration: underline;\"><span style=\"color: #DA3B3B; text-decoration: underline;\">TV \u00e9cran plat<\/span><\/span>.<\/p><\/div>\n\t\t\t\t<\/div>\n\t\t\t\t\t\t\t\t<\/div>\n\t\t\t\t<\/div>\n\t\t\t\t<\/div>\n\t\t\t\t\t\t<\/div>\n\t\t\t\t\t<\/div>\n\t\t<\/div>\n\t\t\t\t\t\t\t\t<\/div>\n\t\t\t\t\t<\/div>\n\t\t<\/section>\n\t\t\t\t\t\t<\/div>\n\t\t\t\t\t\t<\/div>\n\t\t\t\t\t<\/div>\n\t\t","protected":false},"excerpt":{"rendered":"<p>D\u00e9couvrez notre appartement Bienvenue dans notre appartement situ\u00e9 dans la r\u00e9sidence l&rsquo;Olympe. D&rsquo;une surface de 50m2 il peut accueillir tr\u00e8s confortablement 5 \u00e0 6 personnes. Ci-dessous, les photos de l&rsquo;appartement ainsi que ses diff\u00e9rentes caract\u00e9ristiques. Appartement de 50m2 3 chambres Acc\u00e8s au Wifi Parking ext\u00e9rieur Proche du t\u00e9l\u00e9si\u00e8ge de la [&hellip;]<\/p>\n","protected":false},"author":1,"featured_media":0,"parent":0,"menu_order":0,"comment_status":"closed","ping_status":"closed","template":"page-templates\/template-pagebuilder-full-width.php","meta":[],"_links":{"self":[{"href":"https:\/\/www.olympe2alpes.fr\/fr\/wp-json\/wp\/v2\/pages\/509"}],"collection":[{"href":"https:\/\/www.olympe2alpes.fr\/fr\/wp-json\/wp\/v2\/pages"}],"about":[{"href":"https:\/\/www.olympe2alpes.fr\/fr\/wp-json\/wp\/v2\/types\/page"}],"author":[{"embeddable":true,"href":"https:\/\/www.olympe2alpes.fr\/fr\/wp-json\/wp\/v2\/users\/1"}],"replies":[{"embeddable":true,"href":"https:\/\/www.olympe2alpes.fr\/fr\/wp-json\/wp\/v2\/comments?post=509"}],"version-history":[{"count":83,"href":"https:\/\/www.olympe2alpes.fr\/fr\/wp-json\/wp\/v2\/pages\/509\/revisions"}],"predecessor-version":[{"id":845,"href":"https:\/\/www.olympe2alpes.fr\/fr\/wp-json\/wp\/v2\/pages\/509\/revisions\/845"}],"wp:attachment":[{"href":"https:\/\/www.olympe2alpes.fr\/fr\/wp-json\/wp\/v2\/media?parent=509"}],"curies":[{"name":"wp","href":"https:\/\/api.w.org\/{rel}","templated":true}]}}