{"id":3,"date":"2020-10-01T17:19:56","date_gmt":"2020-10-01T16:19:56","guid":{"rendered":"http:\/?page_id=3"},"modified":"2021-11-01T14:31:54","modified_gmt":"2021-11-01T13:31:54","slug":"politique-de-confidentialite","status":"publish","type":"page","link":"https:\/\/www.olympe2alpes.fr\/fr\/politique-de-confidentialite\/","title":{"rendered":"Politique de confidentialit\u00e9"},"content":{"rendered":"\t\t<div data-elementor-type=\"wp-page\" data-elementor-id=\"3\" class=\"elementor elementor-3\" data-elementor-settings=\"[]\">\n\t\t\t\t\t\t<div class=\"elementor-inner\">\n\t\t\t\t\t\t\t<div class=\"elementor-section-wrap\">\n\t\t\t\t\t\t\t<section class=\"elementor-section elementor-top-section elementor-element elementor-element-45301568 elementor-section-boxed elementor-section-height-default elementor-section-height-default\" data-id=\"45301568\" data-element_type=\"section\">\n\t\t\t\t\t\t<div class=\"elementor-container elementor-column-gap-default\">\n\t\t\t\t\t\t\t<div class=\"elementor-row\">\n\t\t\t\t\t<div class=\"elementor-column elementor-col-100 elementor-top-column elementor-element elementor-element-713040cc\" data-id=\"713040cc\" data-element_type=\"column\">\n\t\t\t<div class=\"elementor-column-wrap elementor-element-populated\">\n\t\t\t\t\t\t\t<div class=\"elementor-widget-wrap\">\n\t\t\t\t\t\t<div class=\"elementor-element elementor-element-2d067365 elementor-widget elementor-widget-text-editor\" data-id=\"2d067365\" data-element_type=\"widget\" data-widget_type=\"text-editor.default\">\n\t\t\t\t<div class=\"elementor-widget-container\">\n\t\t\t\t\t\t\t\t<div class=\"elementor-text-editor elementor-clearfix\">\n\t\t\t\t<p style=\"text-align: center;\"><strong>Collecte et utilisation des donn\u00e9es <\/strong><\/p>\n<p>Nous recueillons plusieurs types de donn\u00e9es \u00e0 diff\u00e9rentes fins en vue de vous fournir notre Service. Ces donn\u00e9es sont r\u00e9colt\u00e9es uniquement sous votre consentement et ne serons en aucun cas utilis\u00e9es de mani\u00e8re ext\u00e9rieure au site.\u00a0<\/p>\n<p><\/p>\n<p style=\"text-align: center;\"><strong>Types de donn\u00e9es recueillies <\/strong><strong>\u00a0<\/strong><\/p>\n<p><strong>Donn\u00e9es \u00e0 Caract\u00e8re Personnel<\/strong><\/p>\n<p>Lorsque vous utilisez notre Service, il est possible que nous vous demandions de nous fournir certaines donn\u00e9es personnelles nominatives qui peuvent servir \u00e0 vous contacter. Les donn\u00e9es personnelles nominatives peuvent comprendre, mais de mani\u00e8re non limitative:<\/p>\n<ul>\n<li>Adresse e-mail<\/li>\n<li>Num\u00e9ro de t\u00e9l\u00e9phone<\/li>\n<li>Pr\u00e9nom et nom de famille<\/li>\n<\/ul>\n<p><\/p>\n<p>Aucune newsletter, ne sera mise en place.<\/p>\n<p>Aucun cookie n\u2019est utilis\u00e9 sur ce site internet.<\/p>\n<p><\/p>\n<p><strong>Utilisation des donn\u00e9es<\/strong><\/p>\n<p>Vos donn\u00e9es personnelles seront uniquement utilis\u00e9es pour faire suite \u00e0 votre demande de contact et ainsi assurer notre service.<\/p>\n<p><\/p>\n<p>Si vous souhaitez acc\u00e9der \u00e0 vos donn\u00e9es personnelles vous pouvez nous contacter \u00e0 cette adresse\u00a0: <a href=\"mailto:olympedeuxalpes@gmail.com\">olympedeuxalpes@gmail.com<\/a><\/p>\n<p><\/p>\n<p><strong>Conservation des donn\u00e9es<\/strong><\/p>\n<p>Vos Donn\u00e9es \u00e0 Caract\u00e8re Personnel ne seront conserv\u00e9es que tant que cela sera n\u00e9cessaire aux fins stipul\u00e9es dans la pr\u00e9sente Politique de Confidentialit\u00e9. Nous conserverons et utiliserons vos Donn\u00e9es \u00e0 Caract\u00e8re Personnel dans la mesure o\u00f9 cela sera n\u00e9cessaire pour que nous puissions nous acquitter de nos obligations l\u00e9gales (par exemple, pour respecter la l\u00e9gislation en vigueur), r\u00e9soudre des diff\u00e9rends et appliquer nos accords et nos politiques.<\/p>\n<p><\/p>\n<p><strong>H\u00e9bergement<\/strong><\/p>\n<p>Le site Internet est h\u00e9berg\u00e9 par la soci\u00e9t\u00e9 <a href=\"https:\/\/www.ovh.com\/fr\/\">OVH<\/a>, 2, rue Kellermann, 59100 Roubaix, Capital de 10 069 020 \u20ac, Siret : 537 407\u00a0926.<\/p>\n<p><\/p>\n<p><strong>Propri\u00e9t\u00e9 intellectuelle<\/strong><\/p>\n<p>De mani\u00e8re g\u00e9n\u00e9rale, les donn\u00e9es, les programmes apparaissant sur le Site sont prot\u00e9g\u00e9s par les dispositions du Code de la propri\u00e9t\u00e9 intellectuelle.<\/p>\n<p>Tout internaute s\u2019engage \u00e0 ne pas les utiliser que dans le strict cadre offert par le Site.<\/p>\t\t\t\t\t<\/div>\n\t\t\t\t\t\t<\/div>\n\t\t\t\t<\/div>\n\t\t\t\t\t\t<\/div>\n\t\t\t\t\t<\/div>\n\t\t<\/div>\n\t\t\t\t\t\t\t\t<\/div>\n\t\t\t\t\t<\/div>\n\t\t<\/section>\n\t\t\t\t\t\t<\/div>\n\t\t\t\t\t\t<\/div>\n\t\t\t\t\t<\/div>\n\t\t","protected":false},"excerpt":{"rendered":"<p>Collecte et utilisation des donn\u00e9es Nous recueillons plusieurs types de donn\u00e9es \u00e0 diff\u00e9rentes fins en vue de vous fournir notre Service. Ces donn\u00e9es sont r\u00e9colt\u00e9es uniquement sous votre consentement et ne serons en aucun cas utilis\u00e9es de mani\u00e8re ext\u00e9rieure au site.\u00a0 Types de donn\u00e9es recueillies \u00a0 Donn\u00e9es \u00e0 Caract\u00e8re Personnel [&hellip;]<\/p>\n","protected":false},"author":1,"featured_media":0,"parent":0,"menu_order":0,"comment_status":"closed","ping_status":"closed","template":"","meta":[],"_links":{"self":[{"href":"https:\/\/www.olympe2alpes.fr\/fr\/wp-json\/wp\/v2\/pages\/3"}],"collection":[{"href":"https:\/\/www.olympe2alpes.fr\/fr\/wp-json\/wp\/v2\/pages"}],"about":[{"href":"https:\/\/www.olympe2alpes.fr\/fr\/wp-json\/wp\/v2\/types\/page"}],"author":[{"embeddable":true,"href":"https:\/\/www.olympe2alpes.fr\/fr\/wp-json\/wp\/v2\/users\/1"}],"replies":[{"embeddable":true,"href":"https:\/\/www.olympe2alpes.fr\/fr\/wp-json\/wp\/v2\/comments?post=3"}],"version-history":[{"count":4,"href":"https:\/\/www.olympe2alpes.fr\/fr\/wp-json\/wp\/v2\/pages\/3\/revisions"}],"predecessor-version":[{"id":812,"href":"https:\/\/www.olympe2alpes.fr\/fr\/wp-json\/wp\/v2\/pages\/3\/revisions\/812"}],"wp:attachment":[{"href":"https:\/\/www.olympe2alpes.fr\/fr\/wp-json\/wp\/v2\/media?parent=3"}],"curies":[{"name":"wp","href":"https:\/\/api.w.org\/{rel}","templated":true}]}}