{"id":208,"date":"2020-11-08T13:32:18","date_gmt":"2020-11-08T12:32:18","guid":{"rendered":"http:\/\/localhost\/wordpress\/?page_id=208"},"modified":"2022-04-27T19:17:13","modified_gmt":"2022-04-27T18:17:13","slug":"reservation","status":"publish","type":"page","link":"https:\/\/www.olympe2alpes.fr\/fr\/reservation\/","title":{"rendered":"R\u00e9server votre s\u00e9jour"},"content":{"rendered":"\t\t<div data-elementor-type=\"wp-post\" data-elementor-id=\"208\" class=\"elementor elementor-208\" data-elementor-settings=\"[]\">\n\t\t\t\t\t\t<div class=\"elementor-inner\">\n\t\t\t\t\t\t\t<div class=\"elementor-section-wrap\">\n\t\t\t\t\t\t\t<section class=\"elementor-section elementor-top-section elementor-element elementor-element-a2be67a elementor-section-boxed elementor-section-height-default elementor-section-height-default\" data-id=\"a2be67a\" data-element_type=\"section\" data-settings=\"{&quot;background_background&quot;:&quot;classic&quot;}\">\n\t\t\t\t\t\t<div class=\"elementor-container elementor-column-gap-default\">\n\t\t\t\t\t\t\t<div class=\"elementor-row\">\n\t\t\t\t\t<div class=\"elementor-column elementor-col-50 elementor-top-column elementor-element elementor-element-a437c6b\" data-id=\"a437c6b\" data-element_type=\"column\">\n\t\t\t<div class=\"elementor-column-wrap elementor-element-populated\">\n\t\t\t\t\t\t\t<div class=\"elementor-widget-wrap\">\n\t\t\t\t\t\t<div class=\"elementor-element elementor-element-475ba8e elementor-invisible elementor-widget elementor-widget-heading\" data-id=\"475ba8e\" data-element_type=\"widget\" data-settings=\"{&quot;_animation&quot;:&quot;fadeInLeft&quot;}\" data-widget_type=\"heading.default\">\n\t\t\t\t<div class=\"elementor-widget-container\">\n\t\t\t<h2 class=\"elementor-heading-title elementor-size-xl\">R\u00e9server votre s\u00e9jour<\/h2>\t\t<\/div>\n\t\t\t\t<\/div>\n\t\t\t\t<div class=\"elementor-element elementor-element-deafaaa elementor-widget elementor-widget-wp-widget-bookingwidget\" data-id=\"deafaaa\" data-element_type=\"widget\" data-widget_type=\"wp-widget-bookingwidget.default\">\n\t\t\t\t<div class=\"elementor-widget-container\">\n\t\t\t<div class='widget_wpdev_booking wpdevelop months_num_in_row_1'> <div id=\"form_id1284163570827\" class=\"wpdevelop\"><form  id=\"booking_form1\"   class=\"booking_form vertical\" method=\"post\" action=\"\"><div id=\"ajax_respond_insert1\" class=\"ajax_respond_insert\" style=\"display:none;\"><\/div><a name=\"bklnk1\" id=\"bklnk1\"><\/a><div id=\"booking_form_div1\" class=\"booking_form_div\"><div class=\"wpbc_booking_form_structure wpbc_vertical\">\n  <div class=\"wpbc_structure_calendar\">\n    <div class=\"wpbc_change_over_triangle\"><div class=\"bk_calendar_frame months_num_in_row_ cal_month_num_1 wpbc_timeslot_day_bg_as_available\" style=\"width:284px;\"><div id=\"calendar_booking1\">Chargement du calendrier...<\/div><\/div><textarea id=\"date_booking1\" name=\"date_booking1\" autocomplete=\"off\" style=\"display:none;\"><\/textarea><div class=\"block_hints datepick\"><div class=\"wpdev_hint_with_text\"><div class=\"block_free datepick-days-cell\"><a>&nbsp;<\/a><\/div><div class=\"block_text\">- Disponible<\/div><\/div><div class=\"wpdev_hint_with_text\"><div class=\"block_booked date_approved\">&nbsp;<\/div><div class=\"block_text\">- R\u00e9serv\u00e9<\/div><\/div><div class=\"wpdev_hint_with_text\"><div class=\"block_pending date2approve\">&nbsp;<\/div><div class=\"block_text\">- En attente<\/div><\/div><\/div><div class=\"wpdev_clear_hint\"><\/div><\/div>\n  <\/div>\n  <div class=\"wpbc_structure_form\">\n  <div class=\"form-group\">  <label for=\"name1\" class=\"control-label\">Nom*:<\/label>   <div class=\"controls\">   <input type=\"text\" name=\"name1\" id=\"name1\" class=\"input-xlarge wpdev-validates-as-required\" \/><\/div><\/div>  <div class=\"form-group\">  <label for=\"secondname1\" class=\"control-label\">Pr\u00e9nom*:<\/label>   <div class=\"controls\">   <input type=\"text\" name=\"secondname1\" id=\"secondname1\" class=\"input-xlarge wpdev-validates-as-required\" \/><\/div><\/div>  <div class=\"form-group\">  <label for=\"email1\" class=\"control-label\">Email*:<\/label>   <div class=\"controls\">   <input type=\"text\" name=\"email1\" id=\"email1\" class=\"input-xlarge wpdev-validates-as-email wpdev-validates-as-required wpdev-validates-as-required\" \/><\/div><\/div>  <div class=\"form-group\">  <label for=\"phone1\" class=\"control-label\">T\u00e9l\u00e9phone:<\/label>   <div class=\"controls\">   <input type=\"text\" name=\"phone1\" id=\"phone1\" class=\"input-xlarge\" \/><\/div><\/div>  <div class=\"form-group\">  <label for=\"details1\" class=\"control-label\">D\u00e9tail de la r\u00e9servation*:<\/label>   <div class=\"controls\">   <textarea  rows=\"3\" name=\"details1\" id=\"details1\" class=\"input-xlarge wpdev-validates-as-required\" ><\/textarea><\/div><\/div><div class=\"form-group\"><input  autocomplete=\"off\" type=\"hidden\" name=\"wpdev_captcha_challenge_1\"  id=\"wpdev_captcha_challenge_1\" value=\"2107906623\" \/><input  autocomplete=\"off\" type=\"text\" class=\"captachinput\" value=\"\" name=\"captcha_input1\" id=\"captcha_input1\" \/><img class=\"captcha_img\"  id=\"captcha_img1\" alt=\"captcha\" src=\"https:\/\/www.olympe2alpes.fr\/wp-content\/plugins\/booking\/js\/captcha\/tmp\/2107906623.png\" \/><span id=\"captcha_msg1\" class=\"wpdev-help-message\" ><\/span><\/div>\n<div class=\"form-group\"><button class=\"btn btn-default\" type=\"button\" onclick=\"mybooking_submit(this.form,1,'fr_FR');\" >Envoyer<\/button><\/div>\n  <\/div>\n<\/div>\n<div class=\"wpbc_booking_form_footer\"><\/div><input id=\"bk_type1\" name=\"bk_type1\" class=\"\" type=\"hidden\" value=\"1\" \/><\/div><div id=\"submiting1\"><\/div><div class=\"form_bk_messages\" id=\"form_bk_messages1\" ><\/div><input type=\"hidden\" id=\"wpbc_nonce1\" name=\"wpbc_nonce1\" value=\"77f677c14c\" \/><input type=\"hidden\" name=\"_wp_http_referer\" value=\"\/fr\/wp-json\/wp\/v2\/pages\/208\" \/><input type=\"hidden\" id=\"wpbc_nonceCALCULATE_THE_COST1\" name=\"wpbc_nonceCALCULATE_THE_COST1\" value=\"8c98a705d2\" \/><input type=\"hidden\" name=\"_wp_http_referer\" value=\"\/fr\/wp-json\/wp\/v2\/pages\/208\" \/><\/form><\/div><div id=\"booking_form_garbage1\" class=\"booking_form_garbage\"><\/div><script type=\"text\/javascript\">\n                                jQuery(document).ready( function(){\n                                    jQuery(\".widget_wpdev_booking .booking_form.form-horizontal\").removeClass(\"form-horizontal\");\n                                    var visible_booking_id_on_page_num = visible_booking_id_on_page.length;\n                                    if (visible_booking_id_on_page_num !== null ) {\n                                        for (var i=0;i< visible_booking_id_on_page_num ;i++){\n                                          if ( visible_booking_id_on_page[i]==\"booking_form_div1\" ) {\n                                              document.getElementById(\"form_id1284163570827\").innerHTML = \"<span style='color:#A00;font-size:10px;'>Attention! Le calendrier des r\u00e9servations pour ce type de ressources est d\u00e9j\u00e0 sur la page, veuillez v\u00e9rifier toute question \u00e0 ce sujet sur cette page: https:\/\/wpbookingcalendar.com\/faq\/why-the-booking-calendar-widget-not-show-on-page\/.<\/span>\";                                                                                                  \n                                              jQuery(\"#form_id1284163570827\").animate( {opacity: 1}, 10000 ).fadeOut(5000);\n                                              return;\n                                          }\n                                        }\n                                        visible_booking_id_on_page[ visible_booking_id_on_page_num ]=\"booking_form_div1\";\n                                    }\n                                });\n                            <\/script> <script type='text\/javascript'>  jQuery(document).ready( function(){  date_admin_blank[1] = [];  date2approve[1] = [];  var date_approved_par = [];  init_datepick_cal('1', date_approved_par, 1 , 1, false   );  }); <\/script><\/div>\t\t<\/div>\n\t\t\t\t<\/div>\n\t\t\t\t\t\t<\/div>\n\t\t\t\t\t<\/div>\n\t\t<\/div>\n\t\t\t\t<div class=\"elementor-column elementor-col-50 elementor-top-column elementor-element elementor-element-27a373e\" data-id=\"27a373e\" data-element_type=\"column\">\n\t\t\t<div class=\"elementor-column-wrap elementor-element-populated\">\n\t\t\t\t\t\t\t<div class=\"elementor-widget-wrap\">\n\t\t\t\t\t\t<div class=\"elementor-element elementor-element-298d05c elementor-widget elementor-widget-obfx-pricing-table\" data-id=\"298d05c\" data-element_type=\"widget\" data-widget_type=\"obfx-pricing-table.default\">\n\t\t\t\t<div class=\"elementor-widget-container\">\n\t\t\t<div class=\"obfx-pricing-table-wrapper\"><div class=\"obfx-title-wrapper\"><h3 class=\"obfx-pricing-table-title\">Tarifs pour la saison 2021\/2022<\/h3><h5 class=\"obfx-pricing-table-subtitle\">A partir de <\/h5><\/div> <!-- \/.obfx-title-wrapper --><div class=\"obfx-price-wrapper\"><span class=\"obfx-price\">450<\/span><span class=\"obfx-price-currency\">\u20ac<\/span><span class=\"obfx-pricing-period\">\/semaine<\/span><\/div> <!-- \/.obfx-price-wrapper --><ul class=\"obfx-feature-list\"><li><i class=\"obfx-pricing-table-feature-icon far fa-bookmark\" aria-hidden=\"true\"><\/i><span class=\"obfx-pricing-table-accented\">Vacances scolaire de no\u00ebl (du 18\/12\/21 au 03\/01\/2022)<\/span> <span class=\"obfx-pricing-table-feature\"> 980\u20ac\/semaine<\/span><\/li><li><i class=\"obfx-pricing-table-feature-icon far fa-bookmark\" aria-hidden=\"true\"><\/i><span class=\"obfx-pricing-table-accented\">Vacances d&#039;hiver (du 12\/02\/2022 au 07\/03\/2022)<\/span> <span class=\"obfx-pricing-table-feature\">1350\u20ac\/semaine<\/span><\/li><li><i class=\"obfx-pricing-table-feature-icon far fa-bookmark\" aria-hidden=\"true\"><\/i><span class=\"obfx-pricing-table-accented\">Vacances de P\u00e2ques (16\/04\/2022 au 09\/05\/2022):<\/span> <span class=\"obfx-pricing-table-feature\">740\u20ac  ou 670\u20ac (17\/04 au 24\/04)<\/span><\/li><\/ul><div class=\"obfx-pricing-table-button-wrapper\"><a class=\"obfx-pricing-table-button\" href=\"http:\/\/localhost\/wordpress\/wp-content\/uploads\/2021\/09\/Calendrier-2021jpg.jpg\" target=\"_blank\"><span class=\"obfx-button-icon-align-left\" ><i class=\"fas fa-arrow-right\" aria-hidden=\"true\"><\/i><\/span><span class=\"elementor-button-text\">En savoir plus<\/span><\/a><\/div> <!-- \/.obfx-pricing-table-button-wrapper --><\/div> <!-- \/.obfx-pricing-table-wrapper -->\t\t<\/div>\n\t\t\t\t<\/div>\n\t\t\t\t<div class=\"elementor-element elementor-element-fed1e6a elementor-widget elementor-widget-accordion\" data-id=\"fed1e6a\" data-element_type=\"widget\" data-widget_type=\"accordion.default\">\n\t\t\t\t<div class=\"elementor-widget-container\">\n\t\t\t\t\t<div class=\"elementor-accordion\" role=\"tablist\">\n\t\t\t\t\t\t\t<div class=\"elementor-accordion-item\">\n\t\t\t\t\t<div id=\"elementor-tab-title-2671\" class=\"elementor-tab-title\" data-tab=\"1\" role=\"tab\" aria-controls=\"elementor-tab-content-2671\" aria-expanded=\"false\">\n\t\t\t\t\t\t\t\t\t\t\t\t\t<span class=\"elementor-accordion-icon elementor-accordion-icon-left\" aria-hidden=\"true\">\n\t\t\t\t\t\t\t\t\t\t\t\t\t\t\t<span class=\"elementor-accordion-icon-closed\"><i class=\"fas fa-plus\"><\/i><\/span>\n\t\t\t\t\t\t\t\t<span class=\"elementor-accordion-icon-opened\"><i class=\"fas fa-minus\"><\/i><\/span>\n\t\t\t\t\t\t\t\t\t\t\t\t\t\t<\/span>\n\t\t\t\t\t\t\t\t\t\t\t\t<a class=\"elementor-accordion-title\" href=\"\">Formalit\u00e9s de location<\/a>\n\t\t\t\t\t<\/div>\n\t\t\t\t\t<div id=\"elementor-tab-content-2671\" class=\"elementor-tab-content elementor-clearfix\" data-tab=\"1\" role=\"tabpanel\" aria-labelledby=\"elementor-tab-title-2671\"><p>&#8211; Vos coordonn\u00e9es (noms, pr\u00e9noms, adresse, N\u00b0 t\u00e9l\u00e9phone\/portable, adresse mail, nombre de personnes (limit\u00e9 \u00e0 6) seront n\u00e9cessaires pour \u00e9tablir le contrat qui vous sera envoy\u00e9 par mail ou par courrier, \u00e0 votre convenance.<\/p><p>&#8211; Un exemplaire du contrat devra nous parvenir par retour de courrier, sign\u00e9 et accompagn\u00e9 d&rsquo;un ch\u00e8que correspondant \u00e0 25% du loyer (arrhes). Pour les contrats avec l&rsquo;\u00e9tranger, le contrat sera scann\u00e9 et envoy\u00e9 par mail.<\/p><p>&#8211; Le solde sera vers\u00e9 2 semaines avant l&rsquo;arriv\u00e9e sur place, accompagn\u00e9 d&rsquo;un ch\u00e8que de caution de 1000 \u20ac qui ne sera pas encaiss\u00e9 et vous sera retourn\u00e9 dans les jours qui suivent la fin du s\u00e9jour si l&rsquo;appartement est rendu en parfait \u00e9tat.<\/p><p>&#8211; Pour les payements venant de l&rsquo;\u00e9tranger, le transfert bancaire sera utilis\u00e9 et la caution vers\u00e9e en liquide \u00e0 l&rsquo;arriv\u00e9e et restitu\u00e9e au d\u00e9part.<\/p><p>&#8211; Heure d&rsquo;arriv\u00e9e: 14H00 \/ 19H30, heure de d\u00e9part: 7H30 \/ 10H00<\/p><p>&#8211; L&rsquo;accueil est personnalis\u00e9. Le rendez-vous se fera au pied de la r\u00e9sidence l&rsquo;Olympe (entr\u00e9e de droite). Pascale, notre correspondante sur la station vous accompagnera \u00e0 l&rsquo;appartement, vous remettra les cl\u00e9s et fera avec vous l&rsquo;\u00e9tat des lieux \u00e0 l&rsquo;arriv\u00e9e mais \u00e9galement au d\u00e9part.<\/p><p>&#8211; Une caution m\u00e9nage de 80 \u20ac vous sera \u00e9galement demand\u00e9e \u00e0 votre arriv\u00e9e et restitu\u00e9e au moment du d\u00e9part si l&rsquo;appartement est rendu propre (m\u00e9nage fait, aspirateur pass\u00e9, sanitaires nettoy\u00e9s, vaisselle et \u00e9lectrom\u00e9nagers lav\u00e9s et rang\u00e9s&#8230;.). Possibilit\u00e9 de prestation m\u00e9nage en fin de s\u00e9jour (80 \u20ac) \u00e0 r\u00e9server \u00e0 l&rsquo;avance.<\/p><p>&#8211; Location possible de draps ( 10 \u20ac lit simple et 12 \u20ac lit double) et serviettes de toilette ( 6\u20ac drap de bain et serviette)<\/p><p>Corinne et Jean-Luc LEPLAT<\/p><\/div>\n\t\t\t\t<\/div>\n\t\t\t\t\t\t\t\t<\/div>\n\t\t\t\t<\/div>\n\t\t\t\t<\/div>\n\t\t\t\t\t\t<\/div>\n\t\t\t\t\t<\/div>\n\t\t<\/div>\n\t\t\t\t\t\t\t\t<\/div>\n\t\t\t\t\t<\/div>\n\t\t<\/section>\n\t\t\t\t\t\t<\/div>\n\t\t\t\t\t\t<\/div>\n\t\t\t\t\t<\/div>\n\t\t","protected":false},"excerpt":{"rendered":"<p>R\u00e9server votre s\u00e9jour Tarifs pour la saison 2021\/2022 A partir de 450\u20ac\/semaine Vacances scolaire de no\u00ebl (du 18\/12\/21 au 03\/01\/2022) 980\u20ac\/semaine Vacances d&#039;hiver (du 12\/02\/2022 au 07\/03\/2022) 1350\u20ac\/semaine Vacances de P\u00e2ques (16\/04\/2022 au 09\/05\/2022): 740\u20ac ou 670\u20ac (17\/04 au 24\/04) En savoir plus Formalit\u00e9s de location &#8211; Vos coordonn\u00e9es (noms, [&hellip;]<\/p>\n","protected":false},"author":1,"featured_media":0,"parent":0,"menu_order":0,"comment_status":"closed","ping_status":"closed","template":"page-templates\/template-pagebuilder-full-width.php","meta":[],"_links":{"self":[{"href":"https:\/\/www.olympe2alpes.fr\/fr\/wp-json\/wp\/v2\/pages\/208"}],"collection":[{"href":"https:\/\/www.olympe2alpes.fr\/fr\/wp-json\/wp\/v2\/pages"}],"about":[{"href":"https:\/\/www.olympe2alpes.fr\/fr\/wp-json\/wp\/v2\/types\/page"}],"author":[{"embeddable":true,"href":"https:\/\/www.olympe2alpes.fr\/fr\/wp-json\/wp\/v2\/users\/1"}],"replies":[{"embeddable":true,"href":"https:\/\/www.olympe2alpes.fr\/fr\/wp-json\/wp\/v2\/comments?post=208"}],"version-history":[{"count":93,"href":"https:\/\/www.olympe2alpes.fr\/fr\/wp-json\/wp\/v2\/pages\/208\/revisions"}],"predecessor-version":[{"id":865,"href":"https:\/\/www.olympe2alpes.fr\/fr\/wp-json\/wp\/v2\/pages\/208\/revisions\/865"}],"wp:attachment":[{"href":"https:\/\/www.olympe2alpes.fr\/fr\/wp-json\/wp\/v2\/media?parent=208"}],"curies":[{"name":"wp","href":"https:\/\/api.w.org\/{rel}","templated":true}]}}