{"id":509,"date":"2021-09-08T22:08:37","date_gmt":"2021-09-08T21:08:37","guid":{"rendered":"http:\/\/localhost\/wordpress\/?page_id=509"},"modified":"2022-04-07T21:12:49","modified_gmt":"2022-04-07T20:12:49","slug":"lappartement","status":"publish","type":"page","link":"https:\/\/www.olympe2alpes.fr\/en\/lappartement\/","title":{"rendered":"L&rsquo;appartement"},"content":{"rendered":"<div data-elementor-type=\"wp-page\" data-elementor-id=\"509\" class=\"elementor elementor-509\" data-elementor-settings=\"[]\">\n\t\t\t\t\t\t<div class=\"elementor-inner\">\n\t\t\t\t\t\t\t<div class=\"elementor-section-wrap\">\n\t\t\t\t\t\t\t<section class=\"elementor-section elementor-top-section elementor-element elementor-element-21cdbd17 elementor-section-boxed elementor-section-height-default elementor-section-height-default\" data-id=\"21cdbd17\" data-element_type=\"section\">\n\t\t\t\t\t\t<div class=\"elementor-container elementor-column-gap-default\">\n\t\t\t\t\t\t\t<div class=\"elementor-row\">\n\t\t\t\t\t<div class=\"elementor-column elementor-col-100 elementor-top-column elementor-element elementor-element-3f20aca4\" data-id=\"3f20aca4\" data-element_type=\"column\">\n\t\t\t<div class=\"elementor-column-wrap elementor-element-populated\">\n\t\t\t\t\t\t\t<div class=\"elementor-widget-wrap\">\n\t\t\t\t\t\t<div class=\"elementor-element elementor-element-539519d elementor-widget elementor-widget-heading\" data-id=\"539519d\" data-element_type=\"widget\" data-widget_type=\"heading.default\">\n\t\t\t\t<div class=\"elementor-widget-container\">\n\t\t\t<h1 class=\"elementor-heading-title elementor-size-xl\">Discover our apartment<\/h1>\t\t<\/div>\n\t\t\t\t<\/div>\n\t\t\t\t<div class=\"elementor-element elementor-element-fbfa70b elementor-widget elementor-widget-spacer\" data-id=\"fbfa70b\" data-element_type=\"widget\" data-widget_type=\"spacer.default\">\n\t\t\t\t<div class=\"elementor-widget-container\">\n\t\t\t\t\t<div class=\"elementor-spacer\">\n\t\t\t<div class=\"elementor-spacer-inner\"><\/div>\n\t\t<\/div>\n\t\t\t\t<\/div>\n\t\t\t\t<\/div>\n\t\t\t\t<div class=\"elementor-element elementor-element-59c4f054 elementor-widget elementor-widget-text-editor\" data-id=\"59c4f054\" data-element_type=\"widget\" data-widget_type=\"text-editor.default\">\n\t\t\t\t<div class=\"elementor-widget-container\">\n\t\t\t\t\t\t\t\t<div class=\"elementor-text-editor elementor-clearfix\">\n\t\t\t\t<p><b>Welcome to our apartment located in the residence l'Olympe.<\/b><b> With a surface area of <span style=\"color: #DA3B3B;\">50m2<\/span> it can accommodate very comfortably <span style=\"color: #DA3B3B;\">5 to 6 people<\/span>. <\/b><\/p>\n<p><b>Below, the photos of the apartment and its various characteristics.<br \/><\/b><\/p>\t\t\t\t\t<\/div>\n\t\t\t\t\t\t<\/div>\n\t\t\t\t<\/div>\n\t\t\t\t<div class=\"elementor-element elementor-element-991a66e elementor-align-center elementor-icon-list--layout-traditional elementor-list-item-link-full_width elementor-widget elementor-widget-icon-list\" data-id=\"991a66e\" data-element_type=\"widget\" data-widget_type=\"icon-list.default\">\n\t\t\t\t<div class=\"elementor-widget-container\">\n\t\t\t\t\t<ul class=\"elementor-icon-list-items\">\n\t\t\t\t\t\t\t<li class=\"elementor-icon-list-item\">\n\t\t\t\t\t\t\t\t\t\t\t<span class=\"elementor-icon-list-icon\">\n\t\t\t\t\t\t\t<i aria-hidden=\"true\" class=\"fas fa-home\"><\/i>\t\t\t\t\t\t<\/span>\n\t\t\t\t\t\t\t\t\t\t<span class=\"elementor-icon-list-text\">Apartment of 50m2<\/span>\n\t\t\t\t\t\t\t\t\t<\/li>\n\t\t\t\t\t\t\t\t<li class=\"elementor-icon-list-item\">\n\t\t\t\t\t\t\t\t\t\t\t<span class=\"elementor-icon-list-icon\">\n\t\t\t\t\t\t\t<i aria-hidden=\"true\" class=\"fas fa-bed\"><\/i>\t\t\t\t\t\t<\/span>\n\t\t\t\t\t\t\t\t\t\t<span class=\"elementor-icon-list-text\">3 rooms<\/span>\n\t\t\t\t\t\t\t\t\t<\/li>\n\t\t\t\t\t\t\t\t<li class=\"elementor-icon-list-item\">\n\t\t\t\t\t\t\t\t\t\t\t<span class=\"elementor-icon-list-icon\">\n\t\t\t\t\t\t\t<i aria-hidden=\"true\" class=\"fas fa-wifi\"><\/i>\t\t\t\t\t\t<\/span>\n\t\t\t\t\t\t\t\t\t\t<span class=\"elementor-icon-list-text\">Wifi access<\/span>\n\t\t\t\t\t\t\t\t\t<\/li>\n\t\t\t\t\t\t\t\t<li class=\"elementor-icon-list-item\">\n\t\t\t\t\t\t\t\t\t\t\t<span class=\"elementor-icon-list-icon\">\n\t\t\t\t\t\t\t<i aria-hidden=\"true\" class=\"fas fa-parking\"><\/i>\t\t\t\t\t\t<\/span>\n\t\t\t\t\t\t\t\t\t\t<span class=\"elementor-icon-list-text\">Outdoor parking<\/span>\n\t\t\t\t\t\t\t\t\t<\/li>\n\t\t\t\t\t\t\t\t<li class=\"elementor-icon-list-item\">\n\t\t\t\t\t\t\t\t\t\t\t<span class=\"elementor-icon-list-icon\">\n\t\t\t\t\t\t\t<i aria-hidden=\"true\" class=\"fas fa-skiing\"><\/i>\t\t\t\t\t\t<\/span>\n\t\t\t\t\t\t\t\t\t\t<span class=\"elementor-icon-list-text\">Close to the \"Belle Etoile\" chairlift and the ESF \"Le Champam\u00e9\" ski school meeting point<\/span>\n\t\t\t\t\t\t\t\t\t<\/li>\n\t\t\t\t\t\t\t\t<li class=\"elementor-icon-list-item\">\n\t\t\t\t\t\t\t\t\t\t\t<span class=\"elementor-icon-list-icon\">\n\t\t\t\t\t\t\t<i aria-hidden=\"true\" class=\"fas fa-lock\"><\/i>\t\t\t\t\t\t<\/span>\n\t\t\t\t\t\t\t\t\t\t<span class=\"elementor-icon-list-text\">Ski locker on the ground floor<\/span>\n\t\t\t\t\t\t\t\t\t<\/li>\n\t\t\t\t\t\t<\/ul>\n\t\t\t\t<\/div>\n\t\t\t\t<\/div>\n\t\t\t\t<div class=\"elementor-element elementor-element-32d029f elementor-arrows-position-outside elementor-widget elementor-widget-image-carousel\" data-id=\"32d029f\" data-element_type=\"widget\" data-settings=\"{&quot;slides_to_show&quot;:&quot;1&quot;,&quot;navigation&quot;:&quot;arrows&quot;,&quot;autoplay_speed&quot;:4000,&quot;speed&quot;:800,&quot;autoplay&quot;:&quot;yes&quot;,&quot;pause_on_hover&quot;:&quot;yes&quot;,&quot;pause_on_interaction&quot;:&quot;yes&quot;,&quot;infinite&quot;:&quot;yes&quot;,&quot;effect&quot;:&quot;slide&quot;}\" data-widget_type=\"image-carousel.default\">\n\t\t\t\t<div class=\"elementor-widget-container\">\n\t\t\t\t\t<div class=\"elementor-image-carousel-wrapper swiper-container\" dir=\"ltr\">\n\t\t\t<div class=\"elementor-image-carousel swiper-wrapper\">\n\t\t\t\t\t\t\t\t<div class=\"swiper-slide\"><figure class=\"swiper-slide-inner\"><img class=\"swiper-slide-image\" src=\"https:\/\/www.olympe2alpes.fr\/wp-content\/uploads\/elementor\/thumbs\/IMG_8266-e1631962819301-ppksw6nwg0obp59rc0bytupmv08vdii30ufbdtqxxc.jpg\" alt=\"Le salon\" \/><figcaption class=\"elementor-image-carousel-caption\">The living room<\/figcaption><\/figure><\/div><div class=\"swiper-slide\"><figure class=\"swiper-slide-inner\"><img class=\"swiper-slide-image\" src=\"https:\/\/www.olympe2alpes.fr\/wp-content\/uploads\/elementor\/thumbs\/IMG_8272-ppksw7lqmupm0r8e6iqlech3ge48l7ltcz2sv3pjr4.jpg\" alt=\"Le salon\" \/><figcaption class=\"elementor-image-carousel-caption\">The living room<\/figcaption><\/figure><\/div><div class=\"swiper-slide\"><figure class=\"swiper-slide-inner\"><img class=\"swiper-slide-image\" src=\"https:\/\/www.olympe2alpes.fr\/wp-content\/uploads\/elementor\/thumbs\/IMG_8271-ppksw7lqmupm0r8e6iqlech3ge48l7ltcz2sv3pjr4.jpg\" alt=\"Le salon\" \/><figcaption class=\"elementor-image-carousel-caption\">The living room<\/figcaption><\/figure><\/div><div class=\"swiper-slide\"><figure class=\"swiper-slide-inner\"><img class=\"swiper-slide-image\" src=\"https:\/\/www.olympe2alpes.fr\/wp-content\/uploads\/elementor\/thumbs\/IMG_8279-ppksw8jktoqwcd711157yu8k1rzlswpjp3qacdo5kw.jpg\" alt=\"Balcon du salon\" \/><figcaption class=\"elementor-image-carousel-caption\">Living room balcony<\/figcaption><\/figure><\/div><div class=\"swiper-slide\"><figure class=\"swiper-slide-inner\"><img class=\"swiper-slide-image\" src=\"https:\/\/www.olympe2alpes.fr\/wp-content\/uploads\/elementor\/thumbs\/IMG_8250-ppksw5q296n1djb4hhxc9cy69mdi5tecoprtwjsc3k.jpg\" alt=\"Chambre parentale\" \/><figcaption class=\"elementor-image-carousel-caption\">Chambre parentale<\/figcaption><\/figure><\/div><div class=\"swiper-slide\"><figure class=\"swiper-slide-inner\"><img class=\"swiper-slide-image\" src=\"https:\/\/www.olympe2alpes.fr\/wp-content\/uploads\/elementor\/thumbs\/IMG_8256-rotated-ppksw6nwg0obp59rc0bytupmv08vdii30ufbdtqxxc.jpg\" alt=\"Chambre parentale\" \/><figcaption class=\"elementor-image-carousel-caption\">Chambre parentale<\/figcaption><\/figure><\/div><div class=\"swiper-slide\"><figure class=\"swiper-slide-inner\"><img class=\"swiper-slide-image\" src=\"https:\/\/www.olympe2alpes.fr\/wp-content\/uploads\/elementor\/thumbs\/IMG_8254-rotated-ppksw5q296n1djb4hhxc9cy69mdi5tecoprtwjsc3k.jpg\" alt=\"Machine \u00e0 laver\" \/><figcaption class=\"elementor-image-carousel-caption\">Washing machine<\/figcaption><\/figure><\/div><div class=\"swiper-slide\"><figure class=\"swiper-slide-inner\"><img class=\"swiper-slide-image\" src=\"https:\/\/www.olympe2alpes.fr\/wp-content\/uploads\/elementor\/thumbs\/IMG_1456-scaled-ppkswd8rruxbyf079l6ctb1v0pcfve87dqzpqrh6ps.jpeg\" alt=\"La salle de bain\" \/><figcaption class=\"elementor-image-carousel-caption\">La salle de bain<\/figcaption><\/figure><\/div><div class=\"swiper-slide\"><figure class=\"swiper-slide-inner\"><img class=\"swiper-slide-image\" src=\"https:\/\/www.olympe2alpes.fr\/wp-content\/uploads\/elementor\/thumbs\/IMG_1457-scaled-ppkswe6lyoyma0yu43kzdstbm37t33bxpvn781fsjk.jpeg\" alt=\"La salle de bain\" \/><figcaption class=\"elementor-image-carousel-caption\">La salle de bain<\/figcaption><\/figure><\/div><div class=\"swiper-slide\"><figure class=\"swiper-slide-inner\"><img class=\"swiper-slide-image\" src=\"https:\/\/www.olympe2alpes.fr\/wp-content\/uploads\/elementor\/thumbs\/IMG_1448-scaled-ppkswbd3e6urb72xkkd3obixtxlpg00qphoqs7jz28.jpeg\" alt=\"Chambre n1\" \/><figcaption class=\"elementor-image-carousel-caption\">Chambre n1<\/figcaption><\/figure><\/div><div class=\"swiper-slide\"><figure class=\"swiper-slide-inner\"><img class=\"swiper-slide-image\" src=\"https:\/\/www.olympe2alpes.fr\/wp-content\/uploads\/elementor\/thumbs\/IMG_1449-scaled-ppkswcaxl0w1mt1kf2rq8taefbh2np4h1mc89hikw0.jpeg\" alt=\"Chambre n1\" \/><figcaption class=\"elementor-image-carousel-caption\">Chambre n1<\/figcaption><\/figure><\/div><div class=\"swiper-slide\"><figure class=\"swiper-slide-inner\"><img class=\"swiper-slide-image\" src=\"https:\/\/www.olympe2alpes.fr\/wp-content\/uploads\/elementor\/thumbs\/IMG_1454-scaled-ppkswcaxl0w1mt1kf2rq8taefbh2np4h1mc89hikw0.jpeg\" alt=\"Chambre n2\" \/><figcaption class=\"elementor-image-carousel-caption\">Chambre n2<\/figcaption><\/figure><\/div><div class=\"swiper-slide\"><figure class=\"swiper-slide-inner\"><img class=\"swiper-slide-image\" src=\"https:\/\/www.olympe2alpes.fr\/wp-content\/uploads\/elementor\/thumbs\/IMG_1455-scaled-ppkswd8rruxbyf079l6ctb1v0pcfve87dqzpqrh6ps.jpeg\" alt=\"Chambre n2\" \/><figcaption class=\"elementor-image-carousel-caption\">Chambre n2<\/figcaption><\/figure><\/div>\t\t\t<\/div>\n\t\t\t\t\t\t\t\t\t\t\t\t\t\t\t\t<div class=\"elementor-swiper-button elementor-swiper-button-prev\">\n\t\t\t\t\t\t<i class=\"eicon-chevron-left\" aria-hidden=\"true\"><\/i>\n\t\t\t\t\t\t<span class=\"elementor-screen-only\">Previous<\/span>\n\t\t\t\t\t<\/div>\n\t\t\t\t\t<div class=\"elementor-swiper-button elementor-swiper-button-next\">\n\t\t\t\t\t\t<i class=\"eicon-chevron-right\" aria-hidden=\"true\"><\/i>\n\t\t\t\t\t\t<span class=\"elementor-screen-only\">Next<\/span>\n\t\t\t\t\t<\/div>\n\t\t\t\t\t\t\t\t\t<\/div>\n\t\t\t\t<\/div>\n\t\t\t\t<\/div>\n\t\t\t\t<div class=\"elementor-element elementor-element-cb153de elementor-widget elementor-widget-alert\" data-id=\"cb153de\" data-element_type=\"widget\" data-widget_type=\"alert.default\">\n\t\t\t\t<div class=\"elementor-widget-container\">\n\t\t\t\t\t<div class=\"elementor-alert elementor-alert-info\" role=\"alert\">\n\t\t\t<span class=\"elementor-alert-title\">With our 2 Alpes partnership, get a 5% discount on your ski pass<\/span>\n\t\t\t\t\t\t\t\t<\/div>\n\t\t\t\t<\/div>\n\t\t\t\t<\/div>\n\t\t\t\t<div class=\"elementor-element elementor-element-141fba3 elementor-widget elementor-widget-accordion\" data-id=\"141fba3\" data-element_type=\"widget\" data-widget_type=\"accordion.default\">\n\t\t\t\t<div class=\"elementor-widget-container\">\n\t\t\t\t\t<div class=\"elementor-accordion\" role=\"tablist\">\n\t\t\t\t\t\t\t<div class=\"elementor-accordion-item\">\n\t\t\t\t\t<div id=\"elementor-tab-title-2111\" class=\"elementor-tab-title\" data-tab=\"1\" role=\"tab\" aria-controls=\"elementor-tab-content-2111\" aria-expanded=\"false\">\n\t\t\t\t\t\t\t\t\t\t\t\t\t<span class=\"elementor-accordion-icon elementor-accordion-icon-left\" aria-hidden=\"true\">\n\t\t\t\t\t\t\t\t\t\t\t\t\t\t\t<span class=\"elementor-accordion-icon-closed\"><i class=\"fas fa-plus\"><\/i><\/span>\n\t\t\t\t\t\t\t\t<span class=\"elementor-accordion-icon-opened\"><i class=\"fas fa-minus\"><\/i><\/span>\n\t\t\t\t\t\t\t\t\t\t\t\t\t\t<\/span>\n\t\t\t\t\t\t\t\t\t\t\t\t<a class=\"elementor-accordion-title\" href=\"\">Description of the apartment<\/a>\n\t\t\t\t\t<\/div>\n\t\t\t\t\t<div id=\"elementor-tab-content-2111\" class=\"elementor-tab-content elementor-clearfix\" data-tab=\"1\" role=\"tabpanel\" aria-labelledby=\"elementor-tab-title-2111\"><p>-Very comfortable 3 room apartment of 50m\u00b2 with 2 balconies. <br \/>-2nd floor with elevator, outside parking behind the residence accessible by badge (automatic barrier). <br \/>-Apartment furnished very recently with a lot of care, mountain spirit. <br \/>- All new windows changed in 2019, electric roller shutters installed in 2019. <br \/>- 2 balconies facing East. <br \/>- Area of 50 m\u00b2, 1 living room, 3 bedrooms, 1 bathroom, separate toilet. <br \/>- Sleeping capacity: comfort for 5 and possibility of 6th person, (extra bed for child or teenager). Pillows, undersheets, blankets, comforters, bedspreads availabl<\/p>\n<p>- Bathroom with bath and shower, sink, towel dryer, hair dryer. <br \/>- Separate WC <br \/>- Separate WC <br \/>- Vacuum cleaner, iron and ironing board, clothes line, <br \/>- 2 balconies with 2 deck chairs.<\/p><\/div>\n\t\t\t\t<\/div>\n\t\t\t\t\t\t\t<div class=\"elementor-accordion-item\">\n\t\t\t\t\t<div id=\"elementor-tab-title-2112\" class=\"elementor-tab-title\" data-tab=\"2\" role=\"tab\" aria-controls=\"elementor-tab-content-2112\" aria-expanded=\"false\">\n\t\t\t\t\t\t\t\t\t\t\t\t\t<span class=\"elementor-accordion-icon elementor-accordion-icon-left\" aria-hidden=\"true\">\n\t\t\t\t\t\t\t\t\t\t\t\t\t\t\t<span class=\"elementor-accordion-icon-closed\"><i class=\"fas fa-plus\"><\/i><\/span>\n\t\t\t\t\t\t\t\t<span class=\"elementor-accordion-icon-opened\"><i class=\"fas fa-minus\"><\/i><\/span>\n\t\t\t\t\t\t\t\t\t\t\t\t\t\t<\/span>\n\t\t\t\t\t\t\t\t\t\t\t\t<a class=\"elementor-accordion-title\" href=\"\">Living room and kitchen<\/a>\n\t\t\t\t\t<\/div>\n\t\t\t\t\t<div id=\"elementor-tab-content-2112\" class=\"elementor-tab-content elementor-clearfix\" data-tab=\"2\" role=\"tabpanel\" aria-labelledby=\"elementor-tab-title-2112\"><p>- Living room with 1 sofa, flat screen TV 100cm, DVD player, dining area with table and chairs and stools.\n<br>\n<\/p>\n<p>\n- Fully equipped kitchen with 4 ceramic hobs, oven, microwave, dishwasher, fridge\/freezer, electric coffee maker and kettle, <br>NESPRESSO coffee machine, toaster, raclette oven, juicer. <\/p><\/div>\n\t\t\t\t<\/div>\n\t\t\t\t\t\t\t<div class=\"elementor-accordion-item\">\n\t\t\t\t\t<div id=\"elementor-tab-title-2113\" class=\"elementor-tab-title\" data-tab=\"3\" role=\"tab\" aria-controls=\"elementor-tab-content-2113\" aria-expanded=\"false\">\n\t\t\t\t\t\t\t\t\t\t\t\t\t<span class=\"elementor-accordion-icon elementor-accordion-icon-left\" aria-hidden=\"true\">\n\t\t\t\t\t\t\t\t\t\t\t\t\t\t\t<span class=\"elementor-accordion-icon-closed\"><i class=\"fas fa-plus\"><\/i><\/span>\n\t\t\t\t\t\t\t\t<span class=\"elementor-accordion-icon-opened\"><i class=\"fas fa-minus\"><\/i><\/span>\n\t\t\t\t\t\t\t\t\t\t\t\t\t\t<\/span>\n\t\t\t\t\t\t\t\t\t\t\t\t<a class=\"elementor-accordion-title\" href=\"\">Rooms<\/a>\n\t\t\t\t\t<\/div>\n\t\t\t\t\t<div id=\"elementor-tab-content-2113\" class=\"elementor-tab-content elementor-clearfix\" data-tab=\"3\" role=\"tabpanel\" aria-labelledby=\"elementor-tab-title-2113\"><p>- Room 1 for 2 persons with 1 bed (140 x 190), bedside tables, closet with closet, undersheets, pillows, blankets, comforters, slatted bed bases, <span style=\"text-decoration: underline; color: #DA3B3B;\">Flat screen TV 86cm, washing machine and dryer<\/span>. <br \/>- Room 2 with 2 bunk beds (90\u00d7190), pillows, wardrobe, blankets, comforters, slatted bed bases, <span style=\"text-decoration: underline;\"><span style=\"color: #DA3B3B; text-decoration: underline;\">Flat screen TV<\/span><\/span>. <br \/>- Room 3 with 1 single bed (90\u00d7190) + 1 extra bed for child or teenager, bedside table, blankets, comforters, pillows, wardrobe, table, chair, slatted bed base, <span style=\"text-decoration: underline;\"><span style=\"color: #DA3B3B; text-decoration: underline;\">Flat screen TV<\/span><\/span>.<\/p><\/div>\n\t\t\t\t<\/div>\n\t\t\t\t\t\t\t\t<\/div>\n\t\t\t\t<\/div>\n\t\t\t\t<\/div>\n\t\t\t\t\t\t<\/div>\n\t\t\t\t\t<\/div>\n\t\t<\/div>\n\t\t\t\t\t\t\t\t<\/div>\n\t\t\t\t\t<\/div>\n\t\t<\/section>\n\t\t\t\t\t\t<\/div>\n\t\t\t\t\t\t<\/div>\n\t\t\t\t\t<\/div>","protected":false},"excerpt":{"rendered":"<p>D\u00e9couvrez notre appartement Bienvenue dans notre appartement situ\u00e9 dans la r\u00e9sidence l&rsquo;Olympe. D&rsquo;une surface de 50m2 il peut accueillir tr\u00e8s confortablement 5 \u00e0 6 personnes. Ci-dessous, les photos de l&rsquo;appartement ainsi que ses diff\u00e9rentes caract\u00e9ristiques. Appartement de 50m2 3 chambres Acc\u00e8s au Wifi Parking ext\u00e9rieur Proche du t\u00e9l\u00e9si\u00e8ge de la [&hellip;]<\/p>","protected":false},"author":1,"featured_media":0,"parent":0,"menu_order":0,"comment_status":"closed","ping_status":"closed","template":"page-templates\/template-pagebuilder-full-width.php","meta":[],"_links":{"self":[{"href":"https:\/\/www.olympe2alpes.fr\/en\/wp-json\/wp\/v2\/pages\/509"}],"collection":[{"href":"https:\/\/www.olympe2alpes.fr\/en\/wp-json\/wp\/v2\/pages"}],"about":[{"href":"https:\/\/www.olympe2alpes.fr\/en\/wp-json\/wp\/v2\/types\/page"}],"author":[{"embeddable":true,"href":"https:\/\/www.olympe2alpes.fr\/en\/wp-json\/wp\/v2\/users\/1"}],"replies":[{"embeddable":true,"href":"https:\/\/www.olympe2alpes.fr\/en\/wp-json\/wp\/v2\/comments?post=509"}],"version-history":[{"count":83,"href":"https:\/\/www.olympe2alpes.fr\/en\/wp-json\/wp\/v2\/pages\/509\/revisions"}],"predecessor-version":[{"id":845,"href":"https:\/\/www.olympe2alpes.fr\/en\/wp-json\/wp\/v2\/pages\/509\/revisions\/845"}],"wp:attachment":[{"href":"https:\/\/www.olympe2alpes.fr\/en\/wp-json\/wp\/v2\/media?parent=509"}],"curies":[{"name":"wp","href":"https:\/\/api.w.org\/{rel}","templated":true}]}}